{"id":1017,"date":"2025-06-26T17:37:27","date_gmt":"2025-06-26T15:37:27","guid":{"rendered":"https:\/\/xxl-webtechnology.com\/?post_type=product&#038;p=1017"},"modified":"2025-06-26T19:25:00","modified_gmt":"2025-06-26T17:25:00","slug":"business-standard-website-maintenance","status":"publish","type":"product","link":"https:\/\/xxl-webtechnology.com\/?product=business-standard-website-maintenance","title":{"rendered":"Business Standard Website Maintenance Plan"},"content":{"rendered":"<p data-start=\"290\" data-end=\"645\">Ensure your website stays stable and secure with our <strong data-start=\"373\" data-end=\"399\">Business Standard Plan<\/strong> \u2014 the smart choice for startups and entrepreneurs.<br data-start=\"450\" data-end=\"453\" \/>This plan includes <strong data-start=\"472\" data-end=\"493\">2 monthly updates<\/strong>, <strong data-start=\"495\" data-end=\"512\">1 site backup<\/strong>, and <strong data-start=\"518\" data-end=\"538\">1 content change<\/strong> (text or image). Ideal for small businesses looking to stay online and on point without breaking the bank.<\/p>\n<p data-start=\"647\" data-end=\"660\"><strong data-start=\"647\" data-end=\"660\">Included:<\/strong><\/p>\n<ul data-start=\"661\" data-end=\"756\">\n<li data-start=\"661\" data-end=\"684\">\n<p data-start=\"663\" data-end=\"684\">2 Core\/Plugin Updates<\/p>\n<\/li>\n<li data-start=\"685\" data-end=\"708\">\n<p data-start=\"687\" data-end=\"708\">1 Monthly Site Backup<\/p>\n<\/li>\n<li data-start=\"709\" data-end=\"730\">\n<p data-start=\"711\" data-end=\"730\">1 Text\/Image Change<\/p>\n<\/li>\n<li data-start=\"731\" data-end=\"756\">\n<p data-start=\"733\" data-end=\"756\">Basic performance check<\/p>\n<\/li>\n<\/ul>\n","protected":false},"excerpt":{"rendered":"<p data-start=\"290\" data-end=\"645\">Ensure your website stays stable and secure with our <strong data-start=\"373\" data-end=\"399\">Business Standard Plan<\/strong> \u2014 the smart choice for startups and entrepreneurs.<br data-start=\"450\" data-end=\"453\" \/>This plan includes <strong data-start=\"472\" data-end=\"493\">2 monthly updates<\/strong>, <strong data-start=\"495\" data-end=\"512\">1 site backup<\/strong>, and <strong data-start=\"518\" data-end=\"538\">1 content change<\/strong> (text or image). Ideal for small businesses looking to stay online and on point without breaking the bank.<\/p>\n<p data-start=\"647\" data-end=\"660\"><strong data-start=\"647\" data-end=\"660\">Included:<\/strong><\/p>\n<ul data-start=\"661\" data-end=\"756\">\n<li data-start=\"661\" data-end=\"684\">\n<p data-start=\"663\" data-end=\"684\">2 Core\/Plugin Updates<\/p>\n<\/li>\n<li data-start=\"685\" data-end=\"708\">\n<p data-start=\"687\" data-end=\"708\">1 Monthly Site Backup<\/p>\n<\/li>\n<li data-start=\"709\" data-end=\"730\">\n<p data-start=\"711\" data-end=\"730\">1 Text\/Image Change<\/p>\n<\/li>\n<li data-start=\"731\" data-end=\"756\">\n<p data-start=\"733\" data-end=\"756\">Basic performance check<\/p>\n<\/li>\n<\/ul>\n","protected":false},"featured_media":1020,"comment_status":"open","ping_status":"closed","template":"","meta":{"_monsterinsights_skip_tracking":false,"_monsterinsights_sitenote_active":false,"_monsterinsights_sitenote_note":"","_monsterinsights_sitenote_category":0},"product_brand":[],"product_cat":[59],"product_tag":[],"class_list":{"0":"post-1017","1":"product","2":"type-product","3":"status-publish","4":"has-post-thumbnail","6":"product_cat-web-design","8":"first","9":"instock","10":"taxable","11":"shipping-taxable","12":"purchasable","13":"product-type-simple"},"yoast_head":"<!-- This site is optimized with the Yoast SEO Premium plugin v25.8 (Yoast SEO v27.4) - https:\/\/yoast.com\/product\/yoast-seo-premium-wordpress\/ -->\n<title>Business Standard Website Maintenance Plan - Xxl Web Technology.com<\/title>\n<meta name=\"description\" content=\"Ensure your website stays stable and secure with our Business Standard Plan \u2014 the smart choice for startups and entrepreneurs.\" \/>\n<meta name=\"robots\" content=\"index, follow, max-snippet:-1, max-image-preview:large, max-video-preview:-1\" \/>\n<link rel=\"canonical\" href=\"https:\/\/xxl-webtechnology.com\/?product=business-standard-website-maintenance\" \/>\n<meta property=\"og:locale\" content=\"fr_FR\" \/>\n<meta property=\"og:type\" content=\"article\" \/>\n<meta property=\"og:title\" content=\"Business Standard Website Maintenance Plan\" \/>\n<meta property=\"og:description\" content=\"Ensure your website stays stable and secure with our Business Standard Plan \u2014 the smart choice for startups and entrepreneurs.\" \/>\n<meta property=\"og:url\" content=\"https:\/\/xxl-webtechnology.com\/?product=business-standard-website-maintenance\" \/>\n<meta property=\"og:site_name\" content=\"Xxl Web Technology.com\" \/>\n<meta property=\"article:modified_time\" content=\"2025-06-26T17:25:00+00:00\" \/>\n<meta property=\"og:image\" content=\"https:\/\/xxl-webtechnology.com\/wp-content\/uploads\/2025\/06\/standard-1.png\" \/>\n\t<meta property=\"og:image:width\" content=\"221\" \/>\n\t<meta property=\"og:image:height\" content=\"450\" \/>\n\t<meta property=\"og:image:type\" content=\"image\/png\" \/>\n<meta name=\"twitter:card\" content=\"summary_large_image\" \/>\n<meta name=\"twitter:label1\" content=\"Dur\u00e9e de lecture estim\u00e9e\" \/>\n\t<meta name=\"twitter:data1\" content=\"1 minute\" \/>\n<script type=\"application\/ld+json\" class=\"yoast-schema-graph\">{\"@context\":\"https:\\\/\\\/schema.org\",\"@graph\":[{\"@type\":\"WebPage\",\"@id\":\"https:\\\/\\\/xxl-webtechnology.com\\\/?product=business-standard-website-maintenance\",\"url\":\"https:\\\/\\\/xxl-webtechnology.com\\\/?product=business-standard-website-maintenance\",\"name\":\"Business Standard Website Maintenance Plan - Xxl Web Technology.com\",\"isPartOf\":{\"@id\":\"https:\\\/\\\/xxl-webtechnology.com\\\/#website\"},\"primaryImageOfPage\":{\"@id\":\"https:\\\/\\\/xxl-webtechnology.com\\\/?product=business-standard-website-maintenance#primaryimage\"},\"image\":{\"@id\":\"https:\\\/\\\/xxl-webtechnology.com\\\/?product=business-standard-website-maintenance#primaryimage\"},\"thumbnailUrl\":\"https:\\\/\\\/xxl-webtechnology.com\\\/wp-content\\\/uploads\\\/2025\\\/06\\\/standard-1.png\",\"datePublished\":\"2025-06-26T15:37:27+00:00\",\"dateModified\":\"2025-06-26T17:25:00+00:00\",\"description\":\"Ensure your website stays stable and secure with our Business Standard Plan \u2014 the smart choice for startups and entrepreneurs.\",\"breadcrumb\":{\"@id\":\"https:\\\/\\\/xxl-webtechnology.com\\\/?product=business-standard-website-maintenance#breadcrumb\"},\"inLanguage\":\"fr-FR\",\"potentialAction\":[{\"@type\":\"ReadAction\",\"target\":[\"https:\\\/\\\/xxl-webtechnology.com\\\/?product=business-standard-website-maintenance\"]}]},{\"@type\":\"ImageObject\",\"inLanguage\":\"fr-FR\",\"@id\":\"https:\\\/\\\/xxl-webtechnology.com\\\/?product=business-standard-website-maintenance#primaryimage\",\"url\":\"https:\\\/\\\/xxl-webtechnology.com\\\/wp-content\\\/uploads\\\/2025\\\/06\\\/standard-1.png\",\"contentUrl\":\"https:\\\/\\\/xxl-webtechnology.com\\\/wp-content\\\/uploads\\\/2025\\\/06\\\/standard-1.png\",\"width\":221,\"height\":450},{\"@type\":\"BreadcrumbList\",\"@id\":\"https:\\\/\\\/xxl-webtechnology.com\\\/?product=business-standard-website-maintenance#breadcrumb\",\"itemListElement\":[{\"@type\":\"ListItem\",\"position\":1,\"name\":\"Accueil\",\"item\":\"https:\\\/\\\/xxl-webtechnology.com\\\/\"},{\"@type\":\"ListItem\",\"position\":2,\"name\":\"Boutique\",\"item\":\"https:\\\/\\\/xxl-webtechnology.com\\\/?page_id=9\"},{\"@type\":\"ListItem\",\"position\":3,\"name\":\"Business Standard Website Maintenance Plan\"}]},{\"@type\":\"WebSite\",\"@id\":\"https:\\\/\\\/xxl-webtechnology.com\\\/#website\",\"url\":\"https:\\\/\\\/xxl-webtechnology.com\\\/\",\"name\":\"XXL Web Technology \u2013 Cr\u00e9ation de sites, logiciels et strat\u00e9gie digitale\",\"description\":\"Agence digitale experte en logiciels sur mesure, SEO et solutions web \u00e0 forte valeur ajout\u00e9e\",\"publisher\":{\"@id\":\"https:\\\/\\\/xxl-webtechnology.com\\\/#organization\"},\"alternateName\":\"XXL Web\",\"potentialAction\":[{\"@type\":\"SearchAction\",\"target\":{\"@type\":\"EntryPoint\",\"urlTemplate\":\"https:\\\/\\\/xxl-webtechnology.com\\\/?s={search_term_string}\"},\"query-input\":{\"@type\":\"PropertyValueSpecification\",\"valueRequired\":true,\"valueName\":\"search_term_string\"}}],\"inLanguage\":\"fr-FR\"},{\"@type\":\"Organization\",\"@id\":\"https:\\\/\\\/xxl-webtechnology.com\\\/#organization\",\"name\":\"Xxl Web Technology.com\",\"url\":\"https:\\\/\\\/xxl-webtechnology.com\\\/\",\"logo\":{\"@type\":\"ImageObject\",\"inLanguage\":\"fr-FR\",\"@id\":\"https:\\\/\\\/xxl-webtechnology.com\\\/#\\\/schema\\\/logo\\\/image\\\/\",\"url\":\"https:\\\/\\\/xxl-webtechnology.com\\\/wp-content\\\/uploads\\\/2025\\\/06\\\/cropped-xxltechnofordesignpng-1.png\",\"contentUrl\":\"https:\\\/\\\/xxl-webtechnology.com\\\/wp-content\\\/uploads\\\/2025\\\/06\\\/cropped-xxltechnofordesignpng-1.png\",\"width\":96,\"height\":96,\"caption\":\"Xxl Web Technology.com\"},\"image\":{\"@id\":\"https:\\\/\\\/xxl-webtechnology.com\\\/#\\\/schema\\\/logo\\\/image\\\/\"}}]}<\/script>\n<!-- \/ Yoast SEO Premium plugin. -->","yoast_head_json":{"title":"Business Standard Website Maintenance Plan - Xxl Web Technology.com","description":"Ensure your website stays stable and secure with our Business Standard Plan \u2014 the smart choice for startups and entrepreneurs.","robots":{"index":"index","follow":"follow","max-snippet":"max-snippet:-1","max-image-preview":"max-image-preview:large","max-video-preview":"max-video-preview:-1"},"canonical":"https:\/\/xxl-webtechnology.com\/?product=business-standard-website-maintenance","og_locale":"fr_FR","og_type":"article","og_title":"Business Standard Website Maintenance Plan","og_description":"Ensure your website stays stable and secure with our Business Standard Plan \u2014 the smart choice for startups and entrepreneurs.","og_url":"https:\/\/xxl-webtechnology.com\/?product=business-standard-website-maintenance","og_site_name":"Xxl Web Technology.com","article_modified_time":"2025-06-26T17:25:00+00:00","og_image":[{"width":221,"height":450,"url":"https:\/\/xxl-webtechnology.com\/wp-content\/uploads\/2025\/06\/standard-1.png","type":"image\/png"}],"twitter_card":"summary_large_image","twitter_misc":{"Dur\u00e9e de lecture estim\u00e9e":"1 minute"},"schema":{"@context":"https:\/\/schema.org","@graph":[{"@type":"WebPage","@id":"https:\/\/xxl-webtechnology.com\/?product=business-standard-website-maintenance","url":"https:\/\/xxl-webtechnology.com\/?product=business-standard-website-maintenance","name":"Business Standard Website Maintenance Plan - Xxl Web Technology.com","isPartOf":{"@id":"https:\/\/xxl-webtechnology.com\/#website"},"primaryImageOfPage":{"@id":"https:\/\/xxl-webtechnology.com\/?product=business-standard-website-maintenance#primaryimage"},"image":{"@id":"https:\/\/xxl-webtechnology.com\/?product=business-standard-website-maintenance#primaryimage"},"thumbnailUrl":"https:\/\/xxl-webtechnology.com\/wp-content\/uploads\/2025\/06\/standard-1.png","datePublished":"2025-06-26T15:37:27+00:00","dateModified":"2025-06-26T17:25:00+00:00","description":"Ensure your website stays stable and secure with our Business Standard Plan \u2014 the smart choice for startups and entrepreneurs.","breadcrumb":{"@id":"https:\/\/xxl-webtechnology.com\/?product=business-standard-website-maintenance#breadcrumb"},"inLanguage":"fr-FR","potentialAction":[{"@type":"ReadAction","target":["https:\/\/xxl-webtechnology.com\/?product=business-standard-website-maintenance"]}]},{"@type":"ImageObject","inLanguage":"fr-FR","@id":"https:\/\/xxl-webtechnology.com\/?product=business-standard-website-maintenance#primaryimage","url":"https:\/\/xxl-webtechnology.com\/wp-content\/uploads\/2025\/06\/standard-1.png","contentUrl":"https:\/\/xxl-webtechnology.com\/wp-content\/uploads\/2025\/06\/standard-1.png","width":221,"height":450},{"@type":"BreadcrumbList","@id":"https:\/\/xxl-webtechnology.com\/?product=business-standard-website-maintenance#breadcrumb","itemListElement":[{"@type":"ListItem","position":1,"name":"Accueil","item":"https:\/\/xxl-webtechnology.com\/"},{"@type":"ListItem","position":2,"name":"Boutique","item":"https:\/\/xxl-webtechnology.com\/?page_id=9"},{"@type":"ListItem","position":3,"name":"Business Standard Website Maintenance Plan"}]},{"@type":"WebSite","@id":"https:\/\/xxl-webtechnology.com\/#website","url":"https:\/\/xxl-webtechnology.com\/","name":"XXL Web Technology \u2013 Cr\u00e9ation de sites, logiciels et strat\u00e9gie digitale","description":"Agence digitale experte en logiciels sur mesure, SEO et solutions web \u00e0 forte valeur ajout\u00e9e","publisher":{"@id":"https:\/\/xxl-webtechnology.com\/#organization"},"alternateName":"XXL Web","potentialAction":[{"@type":"SearchAction","target":{"@type":"EntryPoint","urlTemplate":"https:\/\/xxl-webtechnology.com\/?s={search_term_string}"},"query-input":{"@type":"PropertyValueSpecification","valueRequired":true,"valueName":"search_term_string"}}],"inLanguage":"fr-FR"},{"@type":"Organization","@id":"https:\/\/xxl-webtechnology.com\/#organization","name":"Xxl Web Technology.com","url":"https:\/\/xxl-webtechnology.com\/","logo":{"@type":"ImageObject","inLanguage":"fr-FR","@id":"https:\/\/xxl-webtechnology.com\/#\/schema\/logo\/image\/","url":"https:\/\/xxl-webtechnology.com\/wp-content\/uploads\/2025\/06\/cropped-xxltechnofordesignpng-1.png","contentUrl":"https:\/\/xxl-webtechnology.com\/wp-content\/uploads\/2025\/06\/cropped-xxltechnofordesignpng-1.png","width":96,"height":96,"caption":"Xxl Web Technology.com"},"image":{"@id":"https:\/\/xxl-webtechnology.com\/#\/schema\/logo\/image\/"}}]}},"jetpack_sharing_enabled":true,"_links":{"self":[{"href":"https:\/\/xxl-webtechnology.com\/index.php?rest_route=\/wp\/v2\/product\/1017","targetHints":{"allow":["GET"]}}],"collection":[{"href":"https:\/\/xxl-webtechnology.com\/index.php?rest_route=\/wp\/v2\/product"}],"about":[{"href":"https:\/\/xxl-webtechnology.com\/index.php?rest_route=\/wp\/v2\/types\/product"}],"replies":[{"embeddable":true,"href":"https:\/\/xxl-webtechnology.com\/index.php?rest_route=%2Fwp%2Fv2%2Fcomments&post=1017"}],"wp:featuredmedia":[{"embeddable":true,"href":"https:\/\/xxl-webtechnology.com\/index.php?rest_route=\/wp\/v2\/media\/1020"}],"wp:attachment":[{"href":"https:\/\/xxl-webtechnology.com\/index.php?rest_route=%2Fwp%2Fv2%2Fmedia&parent=1017"}],"wp:term":[{"taxonomy":"product_brand","embeddable":true,"href":"https:\/\/xxl-webtechnology.com\/index.php?rest_route=%2Fwp%2Fv2%2Fproduct_brand&post=1017"},{"taxonomy":"product_cat","embeddable":true,"href":"https:\/\/xxl-webtechnology.com\/index.php?rest_route=%2Fwp%2Fv2%2Fproduct_cat&post=1017"},{"taxonomy":"product_tag","embeddable":true,"href":"https:\/\/xxl-webtechnology.com\/index.php?rest_route=%2Fwp%2Fv2%2Fproduct_tag&post=1017"}],"curies":[{"name":"wp","href":"https:\/\/api.w.org\/{rel}","templated":true}]}}