{"id":28,"date":"2021-07-05T10:58:03","date_gmt":"2021-07-05T10:58:03","guid":{"rendered":"https:\/\/monizwp.pixydrops.com\/?page_id=28"},"modified":"2021-07-05T10:58:03","modified_gmt":"2021-07-05T10:58:03","slug":"blog-grid","status":"publish","type":"page","link":"https:\/\/xxl-webtechnology.com\/?page_id=28","title":{"rendered":"Blog Grid"},"content":{"rendered":"\t\t<div data-elementor-type=\"wp-page\" data-elementor-id=\"28\" class=\"elementor elementor-28\">\n\t\t\t\t\t\t<section class=\"elementor-section elementor-top-section elementor-element elementor-element-cd064ad elementor-section-full_width elementor-section-height-default elementor-section-height-default wpr-particle-no wpr-jarallax-no wpr-parallax-no wpr-sticky-section-no wpr-equal-height-no\" data-id=\"cd064ad\" data-element_type=\"section\" data-e-type=\"section\">\n\t\t\t\t\t\t<div class=\"elementor-container elementor-column-gap-no\">\n\t\t\t\t\t<div class=\"elementor-column elementor-col-100 elementor-top-column elementor-element elementor-element-82c86b0\" data-id=\"82c86b0\" data-element_type=\"column\" data-e-type=\"column\">\n\t\t\t<div class=\"elementor-widget-wrap elementor-element-populated\">\n\t\t\t\t\t\t<div class=\"elementor-element elementor-element-4ebc1eb elementor-widget elementor-widget-moniz-blog\" data-id=\"4ebc1eb\" data-element_type=\"widget\" data-e-type=\"widget\" data-widget_type=\"moniz-blog.default\">\n\t\t\t\t<div class=\"elementor-widget-container\">\n\t\t\t\t\t\r\n\t<!--Blog One Start-->\r\n\t<section class=\"blog-one blog-grid\">\r\n\t\t<div class=\"container\">\r\n\t\t\t\t\t\t<div class=\"row\">\r\n\t\t\t\t\t\t\t\t\t\t\t\t\t<div class=\"col-xl-4 col-lg-4\">\r\n\t\t\t\t\t\t<!--Blog One Single-->\r\n\t\t\t\t\t\t<div class=\"blog-one__single wow fadeInUp\" data-wow-delay=\"100ms\">\r\n\t\t\t\t\t\t\t\t\t\t\t\t\t\t\t<div class=\"blog-one__img-box\">\r\n\t\t\t\t\t\t\t\t\t<div class=\"blog-one__img\">\r\n\t\t\t\t\t\t\t\t\t\t<img fetchpriority=\"high\" decoding=\"async\" width=\"370\" height=\"250\" src=\"https:\/\/xxl-webtechnology.com\/wp-content\/uploads\/2021\/07\/blog-s-1-2-370x250.jpg\" class=\"attachment-moniz_blog_370X250 size-moniz_blog_370X250 wp-post-image\" alt=\"\" \/>\t\t\t\t\t\t\t\t\t\t<a href=\"https:\/\/xxl-webtechnology.com\/?p=53\">\r\n\t\t\t\t\t\t\t\t\t\t\t<span class=\"blog-one__plus\"><\/span>\r\n\t\t\t\t\t\t\t\t\t\t<\/a>\r\n\t\t\t\t\t\t\t\t\t<\/div>\r\n\t\t\t\t\t\t\t\t\t<div class=\"blog-one__date-box\">\r\n\t\t\t\t\t\t\t\t\t\t<p><span>05<\/span> Juil<\/p>\r\n\t\t\t\t\t\t\t\t\t<\/div>\r\n\t\t\t\t\t\t\t\t<\/div>\r\n\t\t\t\t\t\t\t\t\t\t\t\t\t\t<div class=\"blog-one__content\">\r\n\t\t\t\t\t\t\t\t<ul class=\"list-unstyled blog-one__meta\">\r\n\t\t\t\t\t\t\t\t\t<li><span class=\"byline\"><span class=\"far fa-user-circle\"><\/span> <span class=\"author vcard\"><a class=\"url fn n\" href=\"https:\/\/xxl-webtechnology.com\/?author=1\">Vaneckxxlweb<\/a><\/span><\/span><\/li>\r\n\t\t\t\t\t\t\t\t\t\t\t\t\t\t\t\t\t\t\t<li><span class=\"comments-link\"><span class=\"far fa-comments\"><\/span><a href=\"https:\/\/xxl-webtechnology.com\/?p=53#respond\">Leave a Comment<span class=\"screen-reader-text\"> on Why Your Website Needs More Than Just Good Design<\/span><\/a><\/span><\/li>\r\n\t\t\t\t\t\t\t\t\t\t\t\t\t\t\t\t\t<\/ul>\r\n\t\t\t\t\t\t\t\t<h3 class=\"blog-one__title\">\r\n\t\t\t\t\t\t\t\t\t<a href=\"https:\/\/xxl-webtechnology.com\/?p=53\">Why Your Website Needs More Than Just Good Design<\/a>\r\n\t\t\t\t\t\t\t\t<\/h3>\r\n\t\t\t\t\t\t\t\t<p class=\"blog-one__text\">\r\n\t\t\t\t\t\t\t\t\tIn a world where anyone can buy a template and\t\t\t\t\t\t\t\t<\/p>\r\n\t\t\t\t\t\t\t\t<div class=\"blog-one__bottom\">\r\n\t\t\t\t\t\t\t\t\t<div class=\"blog-one__read-btn\">\r\n\t\t\t\t\t\t\t\t\t\t<a href=\"https:\/\/xxl-webtechnology.com\/?p=53\">Read more<\/a>\r\n\t\t\t\t\t\t\t\t\t<\/div>\r\n\t\t\t\t\t\t\t\t\t<div class=\"blog-one__arrow\">\r\n\t\t\t\t\t\t\t\t\t\t<a href=\"https:\/\/xxl-webtechnology.com\/?p=53\"><span class=\"icon-right-arrow\"><\/span><\/a>\r\n\t\t\t\t\t\t\t\t\t<\/div>\r\n\t\t\t\t\t\t\t\t<\/div>\r\n\t\t\t\t\t\t\t<\/div>\r\n\t\t\t\t\t\t<\/div>\r\n\t\t\t\t\t<\/div>\r\n\t\t\t\t\t\t\t\t\t<div class=\"col-xl-4 col-lg-4\">\r\n\t\t\t\t\t\t<!--Blog One Single-->\r\n\t\t\t\t\t\t<div class=\"blog-one__single wow fadeInUp\" data-wow-delay=\"100ms\">\r\n\t\t\t\t\t\t\t\t\t\t\t\t\t\t\t<div class=\"blog-one__img-box\">\r\n\t\t\t\t\t\t\t\t\t<div class=\"blog-one__img\">\r\n\t\t\t\t\t\t\t\t\t\t<img decoding=\"async\" width=\"370\" height=\"250\" src=\"https:\/\/xxl-webtechnology.com\/wp-content\/uploads\/2021\/07\/2150169839-370x250.jpg\" class=\"attachment-moniz_blog_370X250 size-moniz_blog_370X250 wp-post-image\" alt=\"\" \/>\t\t\t\t\t\t\t\t\t\t<a href=\"https:\/\/xxl-webtechnology.com\/?p=51\">\r\n\t\t\t\t\t\t\t\t\t\t\t<span class=\"blog-one__plus\"><\/span>\r\n\t\t\t\t\t\t\t\t\t\t<\/a>\r\n\t\t\t\t\t\t\t\t\t<\/div>\r\n\t\t\t\t\t\t\t\t\t<div class=\"blog-one__date-box\">\r\n\t\t\t\t\t\t\t\t\t\t<p><span>05<\/span> Juil<\/p>\r\n\t\t\t\t\t\t\t\t\t<\/div>\r\n\t\t\t\t\t\t\t\t<\/div>\r\n\t\t\t\t\t\t\t\t\t\t\t\t\t\t<div class=\"blog-one__content\">\r\n\t\t\t\t\t\t\t\t<ul class=\"list-unstyled blog-one__meta\">\r\n\t\t\t\t\t\t\t\t\t<li><span class=\"byline\"><span class=\"far fa-user-circle\"><\/span> <span class=\"author vcard\"><a class=\"url fn n\" href=\"https:\/\/xxl-webtechnology.com\/?author=1\">Vaneckxxlweb<\/a><\/span><\/span><\/li>\r\n\t\t\t\t\t\t\t\t\t\t\t\t\t\t\t\t\t\t\t<li><span class=\"comments-link\"><span class=\"far fa-comments\"><\/span><a href=\"https:\/\/xxl-webtechnology.com\/?p=51#respond\">Leave a Comment<span class=\"screen-reader-text\"> on What Makes a Mobile App Succeed in 2025?<\/span><\/a><\/span><\/li>\r\n\t\t\t\t\t\t\t\t\t\t\t\t\t\t\t\t\t<\/ul>\r\n\t\t\t\t\t\t\t\t<h3 class=\"blog-one__title\">\r\n\t\t\t\t\t\t\t\t\t<a href=\"https:\/\/xxl-webtechnology.com\/?p=51\">What Makes a Mobile App Succeed in 2025?<\/a>\r\n\t\t\t\t\t\t\t\t<\/h3>\r\n\t\t\t\t\t\t\t\t<p class=\"blog-one__text\">\r\n\t\t\t\t\t\t\t\t\tIn 2025, the app stores are more competitive than ever.\t\t\t\t\t\t\t\t<\/p>\r\n\t\t\t\t\t\t\t\t<div class=\"blog-one__bottom\">\r\n\t\t\t\t\t\t\t\t\t<div class=\"blog-one__read-btn\">\r\n\t\t\t\t\t\t\t\t\t\t<a href=\"https:\/\/xxl-webtechnology.com\/?p=51\">Read more<\/a>\r\n\t\t\t\t\t\t\t\t\t<\/div>\r\n\t\t\t\t\t\t\t\t\t<div class=\"blog-one__arrow\">\r\n\t\t\t\t\t\t\t\t\t\t<a href=\"https:\/\/xxl-webtechnology.com\/?p=51\"><span class=\"icon-right-arrow\"><\/span><\/a>\r\n\t\t\t\t\t\t\t\t\t<\/div>\r\n\t\t\t\t\t\t\t\t<\/div>\r\n\t\t\t\t\t\t\t<\/div>\r\n\t\t\t\t\t\t<\/div>\r\n\t\t\t\t\t<\/div>\r\n\t\t\t\t\t\t\t\t\t<div class=\"col-xl-4 col-lg-4\">\r\n\t\t\t\t\t\t<!--Blog One Single-->\r\n\t\t\t\t\t\t<div class=\"blog-one__single wow fadeInUp\" data-wow-delay=\"100ms\">\r\n\t\t\t\t\t\t\t\t\t\t\t\t\t\t\t<div class=\"blog-one__img-box\">\r\n\t\t\t\t\t\t\t\t\t<div class=\"blog-one__img\">\r\n\t\t\t\t\t\t\t\t\t\t<img decoding=\"async\" width=\"370\" height=\"250\" src=\"https:\/\/xxl-webtechnology.com\/wp-content\/uploads\/2021\/07\/blog-s-3-2-370x250.jpg\" class=\"attachment-moniz_blog_370X250 size-moniz_blog_370X250 wp-post-image\" alt=\"\" \/>\t\t\t\t\t\t\t\t\t\t<a href=\"https:\/\/xxl-webtechnology.com\/?p=49\">\r\n\t\t\t\t\t\t\t\t\t\t\t<span class=\"blog-one__plus\"><\/span>\r\n\t\t\t\t\t\t\t\t\t\t<\/a>\r\n\t\t\t\t\t\t\t\t\t<\/div>\r\n\t\t\t\t\t\t\t\t\t<div class=\"blog-one__date-box\">\r\n\t\t\t\t\t\t\t\t\t\t<p><span>05<\/span> Juil<\/p>\r\n\t\t\t\t\t\t\t\t\t<\/div>\r\n\t\t\t\t\t\t\t\t<\/div>\r\n\t\t\t\t\t\t\t\t\t\t\t\t\t\t<div class=\"blog-one__content\">\r\n\t\t\t\t\t\t\t\t<ul class=\"list-unstyled blog-one__meta\">\r\n\t\t\t\t\t\t\t\t\t<li><span class=\"byline\"><span class=\"far fa-user-circle\"><\/span> <span class=\"author vcard\"><a class=\"url fn n\" href=\"https:\/\/xxl-webtechnology.com\/?author=1\">Vaneckxxlweb<\/a><\/span><\/span><\/li>\r\n\t\t\t\t\t\t\t\t\t\t\t\t\t\t\t\t\t\t\t<li><span class=\"comments-link\"><span class=\"far fa-comments\"><\/span><a href=\"https:\/\/xxl-webtechnology.com\/?p=49#respond\">Leave a Comment<span class=\"screen-reader-text\"> on The True Value of Professional Branding for Startups<\/span><\/a><\/span><\/li>\r\n\t\t\t\t\t\t\t\t\t\t\t\t\t\t\t\t\t<\/ul>\r\n\t\t\t\t\t\t\t\t<h3 class=\"blog-one__title\">\r\n\t\t\t\t\t\t\t\t\t<a href=\"https:\/\/xxl-webtechnology.com\/?p=49\">The True Value of Professional Branding for Startups<\/a>\r\n\t\t\t\t\t\t\t\t<\/h3>\r\n\t\t\t\t\t\t\t\t<p class=\"blog-one__text\">\r\n\t\t\t\t\t\t\t\t\tIn the early stages of a startup, many founders focus\t\t\t\t\t\t\t\t<\/p>\r\n\t\t\t\t\t\t\t\t<div class=\"blog-one__bottom\">\r\n\t\t\t\t\t\t\t\t\t<div class=\"blog-one__read-btn\">\r\n\t\t\t\t\t\t\t\t\t\t<a href=\"https:\/\/xxl-webtechnology.com\/?p=49\">Read more<\/a>\r\n\t\t\t\t\t\t\t\t\t<\/div>\r\n\t\t\t\t\t\t\t\t\t<div class=\"blog-one__arrow\">\r\n\t\t\t\t\t\t\t\t\t\t<a href=\"https:\/\/xxl-webtechnology.com\/?p=49\"><span class=\"icon-right-arrow\"><\/span><\/a>\r\n\t\t\t\t\t\t\t\t\t<\/div>\r\n\t\t\t\t\t\t\t\t<\/div>\r\n\t\t\t\t\t\t\t<\/div>\r\n\t\t\t\t\t\t<\/div>\r\n\t\t\t\t\t<\/div>\r\n\t\t\t\t\t\t\t\t\t<div class=\"col-xl-4 col-lg-4\">\r\n\t\t\t\t\t\t<!--Blog One Single-->\r\n\t\t\t\t\t\t<div class=\"blog-one__single wow fadeInUp\" data-wow-delay=\"100ms\">\r\n\t\t\t\t\t\t\t\t\t\t\t\t\t\t\t<div class=\"blog-one__img-box\">\r\n\t\t\t\t\t\t\t\t\t<div class=\"blog-one__img\">\r\n\t\t\t\t\t\t\t\t\t\t<img loading=\"lazy\" decoding=\"async\" width=\"370\" height=\"250\" src=\"https:\/\/xxl-webtechnology.com\/wp-content\/uploads\/2021\/07\/afropreneurs-370x250.png\" class=\"attachment-moniz_blog_370X250 size-moniz_blog_370X250 wp-post-image\" alt=\"\" \/>\t\t\t\t\t\t\t\t\t\t<a href=\"https:\/\/xxl-webtechnology.com\/?p=47\">\r\n\t\t\t\t\t\t\t\t\t\t\t<span class=\"blog-one__plus\"><\/span>\r\n\t\t\t\t\t\t\t\t\t\t<\/a>\r\n\t\t\t\t\t\t\t\t\t<\/div>\r\n\t\t\t\t\t\t\t\t\t<div class=\"blog-one__date-box\">\r\n\t\t\t\t\t\t\t\t\t\t<p><span>05<\/span> Juil<\/p>\r\n\t\t\t\t\t\t\t\t\t<\/div>\r\n\t\t\t\t\t\t\t\t<\/div>\r\n\t\t\t\t\t\t\t\t\t\t\t\t\t\t<div class=\"blog-one__content\">\r\n\t\t\t\t\t\t\t\t<ul class=\"list-unstyled blog-one__meta\">\r\n\t\t\t\t\t\t\t\t\t<li><span class=\"byline\"><span class=\"far fa-user-circle\"><\/span> <span class=\"author vcard\"><a class=\"url fn n\" href=\"https:\/\/xxl-webtechnology.com\/?author=1\">Vaneckxxlweb<\/a><\/span><\/span><\/li>\r\n\t\t\t\t\t\t\t\t\t\t\t\t\t\t\t\t\t\t\t<li><span class=\"comments-link\"><span class=\"far fa-comments\"><\/span><a href=\"https:\/\/xxl-webtechnology.com\/?p=47#respond\">Leave a Comment<span class=\"screen-reader-text\"> on How Great Content Writing Can Boost Your SEO<\/span><\/a><\/span><\/li>\r\n\t\t\t\t\t\t\t\t\t\t\t\t\t\t\t\t\t<\/ul>\r\n\t\t\t\t\t\t\t\t<h3 class=\"blog-one__title\">\r\n\t\t\t\t\t\t\t\t\t<a href=\"https:\/\/xxl-webtechnology.com\/?p=47\">How Great Content Writing Can Boost Your SEO<\/a>\r\n\t\t\t\t\t\t\t\t<\/h3>\r\n\t\t\t\t\t\t\t\t<p class=\"blog-one__text\">\r\n\t\t\t\t\t\t\t\t\tIn the world of digital marketing, strategies evolve \u2014 but\t\t\t\t\t\t\t\t<\/p>\r\n\t\t\t\t\t\t\t\t<div class=\"blog-one__bottom\">\r\n\t\t\t\t\t\t\t\t\t<div class=\"blog-one__read-btn\">\r\n\t\t\t\t\t\t\t\t\t\t<a href=\"https:\/\/xxl-webtechnology.com\/?p=47\">Read more<\/a>\r\n\t\t\t\t\t\t\t\t\t<\/div>\r\n\t\t\t\t\t\t\t\t\t<div class=\"blog-one__arrow\">\r\n\t\t\t\t\t\t\t\t\t\t<a href=\"https:\/\/xxl-webtechnology.com\/?p=47\"><span class=\"icon-right-arrow\"><\/span><\/a>\r\n\t\t\t\t\t\t\t\t\t<\/div>\r\n\t\t\t\t\t\t\t\t<\/div>\r\n\t\t\t\t\t\t\t<\/div>\r\n\t\t\t\t\t\t<\/div>\r\n\t\t\t\t\t<\/div>\r\n\t\t\t\t\t\t\t\t\t<div class=\"col-xl-4 col-lg-4\">\r\n\t\t\t\t\t\t<!--Blog One Single-->\r\n\t\t\t\t\t\t<div class=\"blog-one__single wow fadeInUp\" data-wow-delay=\"100ms\">\r\n\t\t\t\t\t\t\t\t\t\t\t\t\t\t\t<div class=\"blog-one__img-box\">\r\n\t\t\t\t\t\t\t\t\t<div class=\"blog-one__img\">\r\n\t\t\t\t\t\t\t\t\t\t<img loading=\"lazy\" decoding=\"async\" width=\"370\" height=\"250\" src=\"https:\/\/xxl-webtechnology.com\/wp-content\/uploads\/2021\/07\/blog-s-5-2-370x250.jpg\" class=\"attachment-moniz_blog_370X250 size-moniz_blog_370X250 wp-post-image\" alt=\"UI UX mistakes to avoid\" \/>\t\t\t\t\t\t\t\t\t\t<a href=\"https:\/\/xxl-webtechnology.com\/?p=45\">\r\n\t\t\t\t\t\t\t\t\t\t\t<span class=\"blog-one__plus\"><\/span>\r\n\t\t\t\t\t\t\t\t\t\t<\/a>\r\n\t\t\t\t\t\t\t\t\t<\/div>\r\n\t\t\t\t\t\t\t\t\t<div class=\"blog-one__date-box\">\r\n\t\t\t\t\t\t\t\t\t\t<p><span>05<\/span> Juil<\/p>\r\n\t\t\t\t\t\t\t\t\t<\/div>\r\n\t\t\t\t\t\t\t\t<\/div>\r\n\t\t\t\t\t\t\t\t\t\t\t\t\t\t<div class=\"blog-one__content\">\r\n\t\t\t\t\t\t\t\t<ul class=\"list-unstyled blog-one__meta\">\r\n\t\t\t\t\t\t\t\t\t<li><span class=\"byline\"><span class=\"far fa-user-circle\"><\/span> <span class=\"author vcard\"><a class=\"url fn n\" href=\"https:\/\/xxl-webtechnology.com\/?author=1\">Vaneckxxlweb<\/a><\/span><\/span><\/li>\r\n\t\t\t\t\t\t\t\t\t\t\t\t\t\t\t\t\t\t\t<li><span class=\"comments-link\"><span class=\"far fa-comments\"><\/span><a href=\"https:\/\/xxl-webtechnology.com\/?p=45#respond\">Leave a Comment<span class=\"screen-reader-text\"> on UI\/UX Mistakes That Cost You Conversions<\/span><\/a><\/span><\/li>\r\n\t\t\t\t\t\t\t\t\t\t\t\t\t\t\t\t\t<\/ul>\r\n\t\t\t\t\t\t\t\t<h3 class=\"blog-one__title\">\r\n\t\t\t\t\t\t\t\t\t<a href=\"https:\/\/xxl-webtechnology.com\/?p=45\">UI\/UX Mistakes That Cost You Conversions<\/a>\r\n\t\t\t\t\t\t\t\t<\/h3>\r\n\t\t\t\t\t\t\t\t<p class=\"blog-one__text\">\r\n\t\t\t\t\t\t\t\t\tYour website or app might be beautiful \u2014 but if\t\t\t\t\t\t\t\t<\/p>\r\n\t\t\t\t\t\t\t\t<div class=\"blog-one__bottom\">\r\n\t\t\t\t\t\t\t\t\t<div class=\"blog-one__read-btn\">\r\n\t\t\t\t\t\t\t\t\t\t<a href=\"https:\/\/xxl-webtechnology.com\/?p=45\">Read more<\/a>\r\n\t\t\t\t\t\t\t\t\t<\/div>\r\n\t\t\t\t\t\t\t\t\t<div class=\"blog-one__arrow\">\r\n\t\t\t\t\t\t\t\t\t\t<a href=\"https:\/\/xxl-webtechnology.com\/?p=45\"><span class=\"icon-right-arrow\"><\/span><\/a>\r\n\t\t\t\t\t\t\t\t\t<\/div>\r\n\t\t\t\t\t\t\t\t<\/div>\r\n\t\t\t\t\t\t\t<\/div>\r\n\t\t\t\t\t\t<\/div>\r\n\t\t\t\t\t<\/div>\r\n\t\t\t\t\t\t\t\t\t\t\t\t\t<div class=\"col-lg-12\">\r\n\t\t\t\t\t\t<div class=\"blog-pagination portfolio-page__btn-box text-center\">\r\n\t\t\t\t\t\t\t\t\t\t\t\t\t<\/div><!-- \/.blog-post-pagination -->\r\n\t\t\t\t\t<\/div><!-- \/.col-lg-12 -->\r\n\t\t\t\t\t\t\t\t\r\n\t\t\t<\/div>\r\n\t\t<\/div>\r\n\t<\/section>\r\n\t<!--Blog One End-->\r\n\r\n\t\t\t\t<\/div>\n\t\t\t\t<\/div>\n\t\t\t\t\t<\/div>\n\t\t<\/div>\n\t\t\t\t\t<\/div>\n\t\t<\/section>\n\t\t\t\t<\/div>\n\t\t","protected":false},"excerpt":{"rendered":"<p>05 Jul LayerDrops 2 Comments on Delivering the best web design agency. Delivering the best web design agency. There are many variations of passages of Lorem Ipsum available, Read more 05 Jul LayerDrops 1 Comment on Over ride the digital divide with additional Over ride the digital divide with additional There are many variations of passages of Lorem Ipsum available, Read more 05 Jul LayerDrops 1 Comment on Capitalize on low hanging fruit to identify Capitalize on low hanging fruit to identify There are many variations of passages of Lorem Ipsum available, Read more 05 Jul LayerDrops 1 Comment on Bring to the table win-win survival strategies Bring to the table win-win survival strategies Lorem Ipsum is simply dummy text of the printing and Read more 05 Jul LayerDrops 1 Comment on Organically grow the holistic world view of Organically grow the holistic world view of There are many variations of passages of Lorem Ipsum available, Read more 05 Jul LayerDrops 1 Comment on Leverage frameworks to provide a robust Leverage frameworks to provide a robust There are many variations of passages of Lorem Ipsum available, Read more 1 2<\/p>\n","protected":false},"author":1,"featured_media":0,"parent":0,"menu_order":0,"comment_status":"closed","ping_status":"closed","template":"elementor_header_footer","meta":{"_monsterinsights_skip_tracking":false,"_monsterinsights_sitenote_active":false,"_monsterinsights_sitenote_note":"","_monsterinsights_sitenote_category":0,"footnotes":""},"class_list":["post-28","page","type-page","status-publish","hentry"],"yoast_head":"<!-- This site is optimized with the Yoast SEO Premium plugin v25.8 (Yoast SEO v27.5) - https:\/\/yoast.com\/product\/yoast-seo-premium-wordpress\/ -->\n<title>Blog Grid - Xxl Web Technology.com<\/title>\n<meta name=\"robots\" content=\"index, follow, max-snippet:-1, max-image-preview:large, max-video-preview:-1\" \/>\n<link rel=\"canonical\" href=\"https:\/\/xxl-webtechnology.com\/?page_id=28\" \/>\n<meta property=\"og:locale\" content=\"fr_FR\" \/>\n<meta property=\"og:type\" content=\"article\" \/>\n<meta property=\"og:title\" content=\"Blog Grid\" \/>\n<meta property=\"og:description\" content=\"05 Jul LayerDrops 2 Comments on Delivering the best web design agency. Delivering the best web design agency. There are many variations of passages of Lorem Ipsum available, Read more 05 Jul LayerDrops 1 Comment on Over ride the digital divide with additional Over ride the digital divide with additional There are many variations of passages of Lorem Ipsum available, Read more 05 Jul LayerDrops 1 Comment on Capitalize on low hanging fruit to identify Capitalize on low hanging fruit to identify There are many variations of passages of Lorem Ipsum available, Read more 05 Jul LayerDrops 1 Comment on Bring to the table win-win survival strategies Bring to the table win-win survival strategies Lorem Ipsum is simply dummy text of the printing and Read more 05 Jul LayerDrops 1 Comment on Organically grow the holistic world view of Organically grow the holistic world view of There are many variations of passages of Lorem Ipsum available, Read more 05 Jul LayerDrops 1 Comment on Leverage frameworks to provide a robust Leverage frameworks to provide a robust There are many variations of passages of Lorem Ipsum available, Read more 1 2\" \/>\n<meta property=\"og:url\" content=\"https:\/\/xxl-webtechnology.com\/?page_id=28\" \/>\n<meta property=\"og:site_name\" content=\"Xxl Web Technology.com\" \/>\n<meta property=\"og:image\" content=\"https:\/\/monizwp.pixydrops.com\/wp-content\/uploads\/2021\/07\/blog-s-1-370x250.jpg\" \/>\n<meta name=\"twitter:card\" content=\"summary_large_image\" \/>\n<meta name=\"twitter:label1\" content=\"Dur\u00e9e de lecture estim\u00e9e\" \/>\n\t<meta name=\"twitter:data1\" content=\"1 minute\" \/>\n<script type=\"application\/ld+json\" class=\"yoast-schema-graph\">{\"@context\":\"https:\\\/\\\/schema.org\",\"@graph\":[{\"@type\":\"WebPage\",\"@id\":\"https:\\\/\\\/xxl-webtechnology.com\\\/?page_id=28\",\"url\":\"https:\\\/\\\/xxl-webtechnology.com\\\/?page_id=28\",\"name\":\"Blog Grid - Xxl Web Technology.com\",\"isPartOf\":{\"@id\":\"https:\\\/\\\/xxl-webtechnology.com\\\/#website\"},\"primaryImageOfPage\":{\"@id\":\"https:\\\/\\\/xxl-webtechnology.com\\\/?page_id=28#primaryimage\"},\"image\":{\"@id\":\"https:\\\/\\\/xxl-webtechnology.com\\\/?page_id=28#primaryimage\"},\"thumbnailUrl\":\"https:\\\/\\\/monizwp.pixydrops.com\\\/wp-content\\\/uploads\\\/2021\\\/07\\\/blog-s-1-370x250.jpg\",\"datePublished\":\"2021-07-05T10:58:03+00:00\",\"breadcrumb\":{\"@id\":\"https:\\\/\\\/xxl-webtechnology.com\\\/?page_id=28#breadcrumb\"},\"inLanguage\":\"fr-FR\",\"potentialAction\":[{\"@type\":\"ReadAction\",\"target\":[\"https:\\\/\\\/xxl-webtechnology.com\\\/?page_id=28\"]}]},{\"@type\":\"ImageObject\",\"inLanguage\":\"fr-FR\",\"@id\":\"https:\\\/\\\/xxl-webtechnology.com\\\/?page_id=28#primaryimage\",\"url\":\"https:\\\/\\\/monizwp.pixydrops.com\\\/wp-content\\\/uploads\\\/2021\\\/07\\\/blog-s-1-370x250.jpg\",\"contentUrl\":\"https:\\\/\\\/monizwp.pixydrops.com\\\/wp-content\\\/uploads\\\/2021\\\/07\\\/blog-s-1-370x250.jpg\"},{\"@type\":\"BreadcrumbList\",\"@id\":\"https:\\\/\\\/xxl-webtechnology.com\\\/?page_id=28#breadcrumb\",\"itemListElement\":[{\"@type\":\"ListItem\",\"position\":1,\"name\":\"Accueil\",\"item\":\"https:\\\/\\\/xxl-webtechnology.com\\\/\"},{\"@type\":\"ListItem\",\"position\":2,\"name\":\"Blog Grid\"}]},{\"@type\":\"WebSite\",\"@id\":\"https:\\\/\\\/xxl-webtechnology.com\\\/#website\",\"url\":\"https:\\\/\\\/xxl-webtechnology.com\\\/\",\"name\":\"XXL Web Technology \u2013 Cr\u00e9ation de sites, logiciels et strat\u00e9gie digitale\",\"description\":\"Agence digitale experte en logiciels sur mesure, SEO et solutions web \u00e0 forte valeur ajout\u00e9e\",\"publisher\":{\"@id\":\"https:\\\/\\\/xxl-webtechnology.com\\\/#organization\"},\"alternateName\":\"XXL Web\",\"potentialAction\":[{\"@type\":\"SearchAction\",\"target\":{\"@type\":\"EntryPoint\",\"urlTemplate\":\"https:\\\/\\\/xxl-webtechnology.com\\\/?s={search_term_string}\"},\"query-input\":{\"@type\":\"PropertyValueSpecification\",\"valueRequired\":true,\"valueName\":\"search_term_string\"}}],\"inLanguage\":\"fr-FR\"},{\"@type\":\"Organization\",\"@id\":\"https:\\\/\\\/xxl-webtechnology.com\\\/#organization\",\"name\":\"Xxl Web Technology.com\",\"url\":\"https:\\\/\\\/xxl-webtechnology.com\\\/\",\"logo\":{\"@type\":\"ImageObject\",\"inLanguage\":\"fr-FR\",\"@id\":\"https:\\\/\\\/xxl-webtechnology.com\\\/#\\\/schema\\\/logo\\\/image\\\/\",\"url\":\"https:\\\/\\\/xxl-webtechnology.com\\\/wp-content\\\/uploads\\\/2025\\\/06\\\/cropped-xxltechnofordesignpng-1.png\",\"contentUrl\":\"https:\\\/\\\/xxl-webtechnology.com\\\/wp-content\\\/uploads\\\/2025\\\/06\\\/cropped-xxltechnofordesignpng-1.png\",\"width\":96,\"height\":96,\"caption\":\"Xxl Web Technology.com\"},\"image\":{\"@id\":\"https:\\\/\\\/xxl-webtechnology.com\\\/#\\\/schema\\\/logo\\\/image\\\/\"}}]}<\/script>\n<!-- \/ Yoast SEO Premium plugin. -->","yoast_head_json":{"title":"Blog Grid - Xxl Web Technology.com","robots":{"index":"index","follow":"follow","max-snippet":"max-snippet:-1","max-image-preview":"max-image-preview:large","max-video-preview":"max-video-preview:-1"},"canonical":"https:\/\/xxl-webtechnology.com\/?page_id=28","og_locale":"fr_FR","og_type":"article","og_title":"Blog Grid","og_description":"05 Jul LayerDrops 2 Comments on Delivering the best web design agency. Delivering the best web design agency. There are many variations of passages of Lorem Ipsum available, Read more 05 Jul LayerDrops 1 Comment on Over ride the digital divide with additional Over ride the digital divide with additional There are many variations of passages of Lorem Ipsum available, Read more 05 Jul LayerDrops 1 Comment on Capitalize on low hanging fruit to identify Capitalize on low hanging fruit to identify There are many variations of passages of Lorem Ipsum available, Read more 05 Jul LayerDrops 1 Comment on Bring to the table win-win survival strategies Bring to the table win-win survival strategies Lorem Ipsum is simply dummy text of the printing and Read more 05 Jul LayerDrops 1 Comment on Organically grow the holistic world view of Organically grow the holistic world view of There are many variations of passages of Lorem Ipsum available, Read more 05 Jul LayerDrops 1 Comment on Leverage frameworks to provide a robust Leverage frameworks to provide a robust There are many variations of passages of Lorem Ipsum available, Read more 1 2","og_url":"https:\/\/xxl-webtechnology.com\/?page_id=28","og_site_name":"Xxl Web Technology.com","og_image":[{"url":"https:\/\/monizwp.pixydrops.com\/wp-content\/uploads\/2021\/07\/blog-s-1-370x250.jpg","type":"","width":"","height":""}],"twitter_card":"summary_large_image","twitter_misc":{"Dur\u00e9e de lecture estim\u00e9e":"1 minute"},"schema":{"@context":"https:\/\/schema.org","@graph":[{"@type":"WebPage","@id":"https:\/\/xxl-webtechnology.com\/?page_id=28","url":"https:\/\/xxl-webtechnology.com\/?page_id=28","name":"Blog Grid - Xxl Web Technology.com","isPartOf":{"@id":"https:\/\/xxl-webtechnology.com\/#website"},"primaryImageOfPage":{"@id":"https:\/\/xxl-webtechnology.com\/?page_id=28#primaryimage"},"image":{"@id":"https:\/\/xxl-webtechnology.com\/?page_id=28#primaryimage"},"thumbnailUrl":"https:\/\/monizwp.pixydrops.com\/wp-content\/uploads\/2021\/07\/blog-s-1-370x250.jpg","datePublished":"2021-07-05T10:58:03+00:00","breadcrumb":{"@id":"https:\/\/xxl-webtechnology.com\/?page_id=28#breadcrumb"},"inLanguage":"fr-FR","potentialAction":[{"@type":"ReadAction","target":["https:\/\/xxl-webtechnology.com\/?page_id=28"]}]},{"@type":"ImageObject","inLanguage":"fr-FR","@id":"https:\/\/xxl-webtechnology.com\/?page_id=28#primaryimage","url":"https:\/\/monizwp.pixydrops.com\/wp-content\/uploads\/2021\/07\/blog-s-1-370x250.jpg","contentUrl":"https:\/\/monizwp.pixydrops.com\/wp-content\/uploads\/2021\/07\/blog-s-1-370x250.jpg"},{"@type":"BreadcrumbList","@id":"https:\/\/xxl-webtechnology.com\/?page_id=28#breadcrumb","itemListElement":[{"@type":"ListItem","position":1,"name":"Accueil","item":"https:\/\/xxl-webtechnology.com\/"},{"@type":"ListItem","position":2,"name":"Blog Grid"}]},{"@type":"WebSite","@id":"https:\/\/xxl-webtechnology.com\/#website","url":"https:\/\/xxl-webtechnology.com\/","name":"XXL Web Technology \u2013 Cr\u00e9ation de sites, logiciels et strat\u00e9gie digitale","description":"Agence digitale experte en logiciels sur mesure, SEO et solutions web \u00e0 forte valeur ajout\u00e9e","publisher":{"@id":"https:\/\/xxl-webtechnology.com\/#organization"},"alternateName":"XXL Web","potentialAction":[{"@type":"SearchAction","target":{"@type":"EntryPoint","urlTemplate":"https:\/\/xxl-webtechnology.com\/?s={search_term_string}"},"query-input":{"@type":"PropertyValueSpecification","valueRequired":true,"valueName":"search_term_string"}}],"inLanguage":"fr-FR"},{"@type":"Organization","@id":"https:\/\/xxl-webtechnology.com\/#organization","name":"Xxl Web Technology.com","url":"https:\/\/xxl-webtechnology.com\/","logo":{"@type":"ImageObject","inLanguage":"fr-FR","@id":"https:\/\/xxl-webtechnology.com\/#\/schema\/logo\/image\/","url":"https:\/\/xxl-webtechnology.com\/wp-content\/uploads\/2025\/06\/cropped-xxltechnofordesignpng-1.png","contentUrl":"https:\/\/xxl-webtechnology.com\/wp-content\/uploads\/2025\/06\/cropped-xxltechnofordesignpng-1.png","width":96,"height":96,"caption":"Xxl Web Technology.com"},"image":{"@id":"https:\/\/xxl-webtechnology.com\/#\/schema\/logo\/image\/"}}]}},"jetpack_sharing_enabled":true,"_links":{"self":[{"href":"https:\/\/xxl-webtechnology.com\/index.php?rest_route=\/wp\/v2\/pages\/28","targetHints":{"allow":["GET"]}}],"collection":[{"href":"https:\/\/xxl-webtechnology.com\/index.php?rest_route=\/wp\/v2\/pages"}],"about":[{"href":"https:\/\/xxl-webtechnology.com\/index.php?rest_route=\/wp\/v2\/types\/page"}],"author":[{"embeddable":true,"href":"https:\/\/xxl-webtechnology.com\/index.php?rest_route=\/wp\/v2\/users\/1"}],"replies":[{"embeddable":true,"href":"https:\/\/xxl-webtechnology.com\/index.php?rest_route=%2Fwp%2Fv2%2Fcomments&post=28"}],"version-history":[{"count":0,"href":"https:\/\/xxl-webtechnology.com\/index.php?rest_route=\/wp\/v2\/pages\/28\/revisions"}],"wp:attachment":[{"href":"https:\/\/xxl-webtechnology.com\/index.php?rest_route=%2Fwp%2Fv2%2Fmedia&parent=28"}],"curies":[{"name":"wp","href":"https:\/\/api.w.org\/{rel}","templated":true}]}}