{"id":24,"date":"2021-07-05T10:56:51","date_gmt":"2021-07-05T10:56:51","guid":{"rendered":"https:\/\/monizwp.pixydrops.com\/?page_id=24"},"modified":"2021-07-05T10:56:51","modified_gmt":"2021-07-05T10:56:51","slug":"portfolio","status":"publish","type":"page","link":"https:\/\/xxl-webtechnology.com\/?page_id=24","title":{"rendered":"Portfolio"},"content":{"rendered":"\t\t<div data-elementor-type=\"wp-page\" data-elementor-id=\"24\" class=\"elementor elementor-24\">\n\t\t\t\t\t\t<section class=\"elementor-section elementor-top-section elementor-element elementor-element-f86ef49 elementor-section-full_width elementor-section-height-default elementor-section-height-default wpr-particle-no wpr-jarallax-no wpr-parallax-no wpr-sticky-section-no wpr-equal-height-no\" data-id=\"f86ef49\" data-element_type=\"section\" data-e-type=\"section\">\n\t\t\t\t\t\t<div class=\"elementor-container elementor-column-gap-no\">\n\t\t\t\t\t<div class=\"elementor-column elementor-col-100 elementor-top-column elementor-element elementor-element-2f58fad\" data-id=\"2f58fad\" data-element_type=\"column\" data-e-type=\"column\">\n\t\t\t<div class=\"elementor-widget-wrap elementor-element-populated\">\n\t\t\t\t\t\t<div class=\"elementor-element elementor-element-693f531 elementor-widget elementor-widget-moniz-portfolio\" data-id=\"693f531\" data-element_type=\"widget\" data-e-type=\"widget\" data-widget_type=\"moniz-portfolio.default\">\n\t\t\t\t<div class=\"elementor-widget-container\">\n\t\t\t\t\t\r\n\t<!--Portfolio One Start-->\r\n\t<section class=\"portfolio-page portfolio-page__no-section-title\">\r\n\t\t<div class=\"container\">\r\n\t\t\t\t\t\t<div class=\"row\">\r\n\t\t\t\t<div class=\"col-xl-12\">\r\n\r\n\t\t\t\t\t\r\n\t\t\t\t\t\t\t\t\t\t\t<ul class=\"portfolio-filter style1 post-filter has-dynamic-filters-counter list-unstyled ml-0\">\r\n\t\t\t\t\t\t\t<li data-filter=\".filter-item\" class=\"active\"><span class=\"filter-text\">All<\/span><\/li>\r\n\t\t\t\t\t\t\t\t\t\t\t\t\t\t\t<li data-filter=\".branding\">\r\n\t\t\t\t\t\t\t\t\t<span class=\"filter-text\">\r\n\t\t\t\t\t\t\t\t\t\tBranding\t\t\t\t\t\t\t\t\t<\/span>\r\n\t\t\t\t\t\t\t\t<\/li>\r\n\t\t\t\t\t\t\t\t\t\t\t\t\t\t\t<li data-filter=\".illustration\">\r\n\t\t\t\t\t\t\t\t\t<span class=\"filter-text\">\r\n\t\t\t\t\t\t\t\t\t\tillustration\t\t\t\t\t\t\t\t\t<\/span>\r\n\t\t\t\t\t\t\t\t<\/li>\r\n\t\t\t\t\t\t\t\t\t\t\t\t\t\t\t<li data-filter=\".photography\">\r\n\t\t\t\t\t\t\t\t\t<span class=\"filter-text\">\r\n\t\t\t\t\t\t\t\t\t\tPhotography\t\t\t\t\t\t\t\t\t<\/span>\r\n\t\t\t\t\t\t\t\t<\/li>\r\n\t\t\t\t\t\t\t\t\t\t\t\t\t\t\t<li data-filter=\".web-design\">\r\n\t\t\t\t\t\t\t\t\t<span class=\"filter-text\">\r\n\t\t\t\t\t\t\t\t\t\tWeb design\t\t\t\t\t\t\t\t\t<\/span>\r\n\t\t\t\t\t\t\t\t<\/li>\r\n\t\t\t\t\t\t\t\t\t\t\t\t\t<\/ul>\r\n\t\t\t\t\t\t\t\t\t<\/div>\r\n\t\t\t<\/div>\r\n\r\n\t\t\t\t\t\t\t<div class=\"row filter-layout masonary-layout\">\r\n\r\n\t\t\t\t\t\t\t\t\t\t\t\t\t\t\t\t\t\t\t\t\t\t\t\t\t\t\t\t<div class=\"col-xl-4 col-lg-6 col-md-6 filter-item  branding web-design\">\r\n\t\t\t\t\t\t\t<!--Portfolio One Single-->\r\n\t\t\t\t\t\t\t<div class=\"portfolio-one__single wow fadeInUp\" data-wow-delay=\"100ms\">\r\n\t\t\t\t\t\t\t\t<div class=\"portfolio-one__img\">\r\n\t\t\t\t\t\t\t\t\t<img fetchpriority=\"high\" decoding=\"async\" width=\"370\" height=\"304\" src=\"https:\/\/xxl-webtechnology.com\/wp-content\/uploads\/2021\/07\/BOUTIK-SANTE-1-370x304.webp\" class=\"attachment-moniz_370X426 size-moniz_370X426 wp-post-image\" alt=\"\" \/>\t\t\t\t\t\t\t\t\t<div class=\"portfolio-one__experience\">\r\n\t\t\t\t\t\t\t\t\t\t<div class=\"portfolio-one__web-design\">\r\n\t\t\t\t\t\t\t\t\t\t\t<p class=\"portfolio-one__web-design-title\">Branding<\/p>\r\n\t\t\t\t\t\t\t\t\t\t<\/div>\r\n\t\t\t\t\t\t\t\t\t\t<div class=\"portfolio-one__fimlor\">\r\n\t\t\t\t\t\t\t\t\t\t\t<p class=\"portfolio-one__fimlor-title\"><a href=\"https:\/\/xxl-webtechnology.com\/?portfolio=marikon-development\">Beauty Store \u2013 E-Commerce Website for Cosmetic Products<\/a><\/p>\r\n\t\t\t\t\t\t\t\t\t\t<\/div>\r\n\t\t\t\t\t\t\t\t\t<\/div>\r\n\t\t\t\t\t\t\t\t\t<div class=\"portfolio-one__arrow\">\r\n\t\t\t\t\t\t\t\t\t\t<a href=\"https:\/\/xxl-webtechnology.com\/?portfolio=marikon-development\"><span class=\"icon-right-arrow\"><\/span><\/a>\r\n\t\t\t\t\t\t\t\t\t<\/div>\r\n\t\t\t\t\t\t\t\t<\/div>\r\n\t\t\t\t\t\t\t<\/div>\r\n\t\t\t\t\t\t<\/div>\r\n\r\n\t\t\t\t\t\t\t\t\t\t\t\t\t\t\t\t\t\t\t\t\t\t\t<div class=\"col-xl-4 col-lg-6 col-md-6 filter-item  web-application web-design\">\r\n\t\t\t\t\t\t\t<!--Portfolio One Single-->\r\n\t\t\t\t\t\t\t<div class=\"portfolio-one__single wow fadeInUp\" data-wow-delay=\"100ms\">\r\n\t\t\t\t\t\t\t\t<div class=\"portfolio-one__img\">\r\n\t\t\t\t\t\t\t\t\t<img decoding=\"async\" width=\"370\" height=\"297\" src=\"https:\/\/xxl-webtechnology.com\/wp-content\/uploads\/2021\/07\/Capture-decran-du-2023-04-20-12-58-34-370x297.webp\" class=\"attachment-moniz_370X426 size-moniz_370X426 wp-post-image\" alt=\"\" \/>\t\t\t\t\t\t\t\t\t<div class=\"portfolio-one__experience\">\r\n\t\t\t\t\t\t\t\t\t\t<div class=\"portfolio-one__web-design\">\r\n\t\t\t\t\t\t\t\t\t\t\t<p class=\"portfolio-one__web-design-title\">web application<\/p>\r\n\t\t\t\t\t\t\t\t\t\t<\/div>\r\n\t\t\t\t\t\t\t\t\t\t<div class=\"portfolio-one__fimlor\">\r\n\t\t\t\t\t\t\t\t\t\t\t<p class=\"portfolio-one__fimlor-title\"><a href=\"https:\/\/xxl-webtechnology.com\/?portfolio=xxl-lock-immo\">XXL Lock Immo \u2013 Real Estate Management Web App<\/a><\/p>\r\n\t\t\t\t\t\t\t\t\t\t<\/div>\r\n\t\t\t\t\t\t\t\t\t<\/div>\r\n\t\t\t\t\t\t\t\t\t<div class=\"portfolio-one__arrow\">\r\n\t\t\t\t\t\t\t\t\t\t<a href=\"https:\/\/xxl-webtechnology.com\/?portfolio=xxl-lock-immo\"><span class=\"icon-right-arrow\"><\/span><\/a>\r\n\t\t\t\t\t\t\t\t\t<\/div>\r\n\t\t\t\t\t\t\t\t<\/div>\r\n\t\t\t\t\t\t\t<\/div>\r\n\t\t\t\t\t\t<\/div>\r\n\r\n\t\t\t\t\t\t\t\t\t\t\t\t\t\t\t\t\t\t\t\t\t\t\t<div class=\"col-xl-4 col-lg-6 col-md-6 filter-item  branding web-design\">\r\n\t\t\t\t\t\t\t<!--Portfolio One Single-->\r\n\t\t\t\t\t\t\t<div class=\"portfolio-one__single wow fadeInUp\" data-wow-delay=\"100ms\">\r\n\t\t\t\t\t\t\t\t<div class=\"portfolio-one__img\">\r\n\t\t\t\t\t\t\t\t\t<img decoding=\"async\" width=\"370\" height=\"299\" src=\"https:\/\/xxl-webtechnology.com\/wp-content\/uploads\/2021\/07\/Capture-decran-du-2023-04-20-12-38-14-370x299.webp\" class=\"attachment-moniz_370X426 size-moniz_370X426 wp-post-image\" alt=\"\" \/>\t\t\t\t\t\t\t\t\t<div class=\"portfolio-one__experience\">\r\n\t\t\t\t\t\t\t\t\t\t<div class=\"portfolio-one__web-design\">\r\n\t\t\t\t\t\t\t\t\t\t\t<p class=\"portfolio-one__web-design-title\">Branding<\/p>\r\n\t\t\t\t\t\t\t\t\t\t<\/div>\r\n\t\t\t\t\t\t\t\t\t\t<div class=\"portfolio-one__fimlor\">\r\n\t\t\t\t\t\t\t\t\t\t\t<p class=\"portfolio-one__fimlor-title\"><a href=\"https:\/\/xxl-webtechnology.com\/?portfolio=institut-biblique-cma\">Institut Biblique CMA \u2013 Website Design & Development<\/a><\/p>\r\n\t\t\t\t\t\t\t\t\t\t<\/div>\r\n\t\t\t\t\t\t\t\t\t<\/div>\r\n\t\t\t\t\t\t\t\t\t<div class=\"portfolio-one__arrow\">\r\n\t\t\t\t\t\t\t\t\t\t<a href=\"https:\/\/xxl-webtechnology.com\/?portfolio=institut-biblique-cma\"><span class=\"icon-right-arrow\"><\/span><\/a>\r\n\t\t\t\t\t\t\t\t\t<\/div>\r\n\t\t\t\t\t\t\t\t<\/div>\r\n\t\t\t\t\t\t\t<\/div>\r\n\t\t\t\t\t\t<\/div>\r\n\r\n\t\t\t\t\t\t\t\t\t\t\t\t\t\t\t\t\t\t\t\t\t\t\t<div class=\"col-xl-4 col-lg-6 col-md-6 filter-item  web-application web-design\">\r\n\t\t\t\t\t\t\t<!--Portfolio One Single-->\r\n\t\t\t\t\t\t\t<div class=\"portfolio-one__single wow fadeInUp\" data-wow-delay=\"100ms\">\r\n\t\t\t\t\t\t\t\t<div class=\"portfolio-one__img\">\r\n\t\t\t\t\t\t\t\t\t<img loading=\"lazy\" decoding=\"async\" width=\"370\" height=\"426\" src=\"https:\/\/xxl-webtechnology.com\/wp-content\/uploads\/2021\/07\/Capture-decran-2025-06-22-031516-370x426.png\" class=\"attachment-moniz_370X426 size-moniz_370X426 wp-post-image\" alt=\"\" \/>\t\t\t\t\t\t\t\t\t<div class=\"portfolio-one__experience\">\r\n\t\t\t\t\t\t\t\t\t\t<div class=\"portfolio-one__web-design\">\r\n\t\t\t\t\t\t\t\t\t\t\t<p class=\"portfolio-one__web-design-title\">web application<\/p>\r\n\t\t\t\t\t\t\t\t\t\t<\/div>\r\n\t\t\t\t\t\t\t\t\t\t<div class=\"portfolio-one__fimlor\">\r\n\t\t\t\t\t\t\t\t\t\t\t<p class=\"portfolio-one__fimlor-title\"><a href=\"https:\/\/xxl-webtechnology.com\/?portfolio=xxl-connexion\">XXL Connexion \u2013 Artisans & Project Owners Platform<\/a><\/p>\r\n\t\t\t\t\t\t\t\t\t\t<\/div>\r\n\t\t\t\t\t\t\t\t\t<\/div>\r\n\t\t\t\t\t\t\t\t\t<div class=\"portfolio-one__arrow\">\r\n\t\t\t\t\t\t\t\t\t\t<a href=\"https:\/\/xxl-webtechnology.com\/?portfolio=xxl-connexion\"><span class=\"icon-right-arrow\"><\/span><\/a>\r\n\t\t\t\t\t\t\t\t\t<\/div>\r\n\t\t\t\t\t\t\t\t<\/div>\r\n\t\t\t\t\t\t\t<\/div>\r\n\t\t\t\t\t\t<\/div>\r\n\r\n\t\t\t\t\t\t\t\t\t\t\r\n\t\t\t\t<\/div>\r\n\r\n\t\t\t\t\t<\/div>\r\n\t<\/section>\r\n\t<!--Portfolio One End-->\r\n\r\n\t\t\t\t<\/div>\n\t\t\t\t<\/div>\n\t\t\t\t\t<\/div>\n\t\t<\/div>\n\t\t\t\t\t<\/div>\n\t\t<\/section>\n\t\t\t\t<\/div>\n\t\t","protected":false},"excerpt":{"rendered":"<p>All Branding illustration Photography Web design Branding Sussia foundation Branding Marikon development Branding Forestry innovation Branding Metrix order Branding Monster planet Branding Desktop mockup<\/p>\n","protected":false},"author":1,"featured_media":0,"parent":0,"menu_order":0,"comment_status":"closed","ping_status":"closed","template":"elementor_header_footer","meta":{"_monsterinsights_skip_tracking":false,"_monsterinsights_sitenote_active":false,"_monsterinsights_sitenote_note":"","_monsterinsights_sitenote_category":0,"footnotes":""},"class_list":["post-24","page","type-page","status-publish","hentry"],"yoast_head":"<!-- This site is optimized with the Yoast SEO Premium plugin v25.8 (Yoast SEO v27.5) - https:\/\/yoast.com\/product\/yoast-seo-premium-wordpress\/ -->\n<title>Portfolio - Xxl Web Technology.com<\/title>\n<meta name=\"robots\" content=\"index, follow, max-snippet:-1, max-image-preview:large, max-video-preview:-1\" \/>\n<link rel=\"canonical\" href=\"https:\/\/xxl-webtechnology.com\/?page_id=24\" \/>\n<meta property=\"og:locale\" content=\"fr_FR\" \/>\n<meta property=\"og:type\" content=\"article\" \/>\n<meta property=\"og:title\" content=\"Portfolio\" \/>\n<meta property=\"og:description\" content=\"All Branding illustration Photography Web design Branding Sussia foundation Branding Marikon development Branding Forestry innovation Branding Metrix order Branding Monster planet Branding Desktop mockup\" \/>\n<meta property=\"og:url\" content=\"https:\/\/xxl-webtechnology.com\/?page_id=24\" \/>\n<meta property=\"og:site_name\" content=\"Xxl Web Technology.com\" \/>\n<meta property=\"og:image\" content=\"https:\/\/monizwp.pixydrops.com\/wp-content\/uploads\/2021\/07\/blog-s-5-370x426.jpg\" \/>\n<meta name=\"twitter:card\" content=\"summary_large_image\" \/>\n<script type=\"application\/ld+json\" class=\"yoast-schema-graph\">{\"@context\":\"https:\\\/\\\/schema.org\",\"@graph\":[{\"@type\":\"WebPage\",\"@id\":\"https:\\\/\\\/xxl-webtechnology.com\\\/?page_id=24\",\"url\":\"https:\\\/\\\/xxl-webtechnology.com\\\/?page_id=24\",\"name\":\"Portfolio - Xxl Web Technology.com\",\"isPartOf\":{\"@id\":\"https:\\\/\\\/xxl-webtechnology.com\\\/#website\"},\"primaryImageOfPage\":{\"@id\":\"https:\\\/\\\/xxl-webtechnology.com\\\/?page_id=24#primaryimage\"},\"image\":{\"@id\":\"https:\\\/\\\/xxl-webtechnology.com\\\/?page_id=24#primaryimage\"},\"thumbnailUrl\":\"https:\\\/\\\/monizwp.pixydrops.com\\\/wp-content\\\/uploads\\\/2021\\\/07\\\/blog-s-5-370x426.jpg\",\"datePublished\":\"2021-07-05T10:56:51+00:00\",\"breadcrumb\":{\"@id\":\"https:\\\/\\\/xxl-webtechnology.com\\\/?page_id=24#breadcrumb\"},\"inLanguage\":\"fr-FR\",\"potentialAction\":[{\"@type\":\"ReadAction\",\"target\":[\"https:\\\/\\\/xxl-webtechnology.com\\\/?page_id=24\"]}]},{\"@type\":\"ImageObject\",\"inLanguage\":\"fr-FR\",\"@id\":\"https:\\\/\\\/xxl-webtechnology.com\\\/?page_id=24#primaryimage\",\"url\":\"https:\\\/\\\/monizwp.pixydrops.com\\\/wp-content\\\/uploads\\\/2021\\\/07\\\/blog-s-5-370x426.jpg\",\"contentUrl\":\"https:\\\/\\\/monizwp.pixydrops.com\\\/wp-content\\\/uploads\\\/2021\\\/07\\\/blog-s-5-370x426.jpg\"},{\"@type\":\"BreadcrumbList\",\"@id\":\"https:\\\/\\\/xxl-webtechnology.com\\\/?page_id=24#breadcrumb\",\"itemListElement\":[{\"@type\":\"ListItem\",\"position\":1,\"name\":\"Accueil\",\"item\":\"https:\\\/\\\/xxl-webtechnology.com\\\/\"},{\"@type\":\"ListItem\",\"position\":2,\"name\":\"Portfolio\"}]},{\"@type\":\"WebSite\",\"@id\":\"https:\\\/\\\/xxl-webtechnology.com\\\/#website\",\"url\":\"https:\\\/\\\/xxl-webtechnology.com\\\/\",\"name\":\"XXL Web Technology \u2013 Cr\u00e9ation de sites, logiciels et strat\u00e9gie digitale\",\"description\":\"Agence digitale experte en logiciels sur mesure, SEO et solutions web \u00e0 forte valeur ajout\u00e9e\",\"publisher\":{\"@id\":\"https:\\\/\\\/xxl-webtechnology.com\\\/#organization\"},\"alternateName\":\"XXL Web\",\"potentialAction\":[{\"@type\":\"SearchAction\",\"target\":{\"@type\":\"EntryPoint\",\"urlTemplate\":\"https:\\\/\\\/xxl-webtechnology.com\\\/?s={search_term_string}\"},\"query-input\":{\"@type\":\"PropertyValueSpecification\",\"valueRequired\":true,\"valueName\":\"search_term_string\"}}],\"inLanguage\":\"fr-FR\"},{\"@type\":\"Organization\",\"@id\":\"https:\\\/\\\/xxl-webtechnology.com\\\/#organization\",\"name\":\"Xxl Web Technology.com\",\"url\":\"https:\\\/\\\/xxl-webtechnology.com\\\/\",\"logo\":{\"@type\":\"ImageObject\",\"inLanguage\":\"fr-FR\",\"@id\":\"https:\\\/\\\/xxl-webtechnology.com\\\/#\\\/schema\\\/logo\\\/image\\\/\",\"url\":\"https:\\\/\\\/xxl-webtechnology.com\\\/wp-content\\\/uploads\\\/2025\\\/06\\\/cropped-xxltechnofordesignpng-1.png\",\"contentUrl\":\"https:\\\/\\\/xxl-webtechnology.com\\\/wp-content\\\/uploads\\\/2025\\\/06\\\/cropped-xxltechnofordesignpng-1.png\",\"width\":96,\"height\":96,\"caption\":\"Xxl Web Technology.com\"},\"image\":{\"@id\":\"https:\\\/\\\/xxl-webtechnology.com\\\/#\\\/schema\\\/logo\\\/image\\\/\"}}]}<\/script>\n<!-- \/ Yoast SEO Premium plugin. -->","yoast_head_json":{"title":"Portfolio - Xxl Web Technology.com","robots":{"index":"index","follow":"follow","max-snippet":"max-snippet:-1","max-image-preview":"max-image-preview:large","max-video-preview":"max-video-preview:-1"},"canonical":"https:\/\/xxl-webtechnology.com\/?page_id=24","og_locale":"fr_FR","og_type":"article","og_title":"Portfolio","og_description":"All Branding illustration Photography Web design Branding Sussia foundation Branding Marikon development Branding Forestry innovation Branding Metrix order Branding Monster planet Branding Desktop mockup","og_url":"https:\/\/xxl-webtechnology.com\/?page_id=24","og_site_name":"Xxl Web Technology.com","og_image":[{"url":"https:\/\/monizwp.pixydrops.com\/wp-content\/uploads\/2021\/07\/blog-s-5-370x426.jpg","type":"","width":"","height":""}],"twitter_card":"summary_large_image","schema":{"@context":"https:\/\/schema.org","@graph":[{"@type":"WebPage","@id":"https:\/\/xxl-webtechnology.com\/?page_id=24","url":"https:\/\/xxl-webtechnology.com\/?page_id=24","name":"Portfolio - Xxl Web Technology.com","isPartOf":{"@id":"https:\/\/xxl-webtechnology.com\/#website"},"primaryImageOfPage":{"@id":"https:\/\/xxl-webtechnology.com\/?page_id=24#primaryimage"},"image":{"@id":"https:\/\/xxl-webtechnology.com\/?page_id=24#primaryimage"},"thumbnailUrl":"https:\/\/monizwp.pixydrops.com\/wp-content\/uploads\/2021\/07\/blog-s-5-370x426.jpg","datePublished":"2021-07-05T10:56:51+00:00","breadcrumb":{"@id":"https:\/\/xxl-webtechnology.com\/?page_id=24#breadcrumb"},"inLanguage":"fr-FR","potentialAction":[{"@type":"ReadAction","target":["https:\/\/xxl-webtechnology.com\/?page_id=24"]}]},{"@type":"ImageObject","inLanguage":"fr-FR","@id":"https:\/\/xxl-webtechnology.com\/?page_id=24#primaryimage","url":"https:\/\/monizwp.pixydrops.com\/wp-content\/uploads\/2021\/07\/blog-s-5-370x426.jpg","contentUrl":"https:\/\/monizwp.pixydrops.com\/wp-content\/uploads\/2021\/07\/blog-s-5-370x426.jpg"},{"@type":"BreadcrumbList","@id":"https:\/\/xxl-webtechnology.com\/?page_id=24#breadcrumb","itemListElement":[{"@type":"ListItem","position":1,"name":"Accueil","item":"https:\/\/xxl-webtechnology.com\/"},{"@type":"ListItem","position":2,"name":"Portfolio"}]},{"@type":"WebSite","@id":"https:\/\/xxl-webtechnology.com\/#website","url":"https:\/\/xxl-webtechnology.com\/","name":"XXL Web Technology \u2013 Cr\u00e9ation de sites, logiciels et strat\u00e9gie digitale","description":"Agence digitale experte en logiciels sur mesure, SEO et solutions web \u00e0 forte valeur ajout\u00e9e","publisher":{"@id":"https:\/\/xxl-webtechnology.com\/#organization"},"alternateName":"XXL Web","potentialAction":[{"@type":"SearchAction","target":{"@type":"EntryPoint","urlTemplate":"https:\/\/xxl-webtechnology.com\/?s={search_term_string}"},"query-input":{"@type":"PropertyValueSpecification","valueRequired":true,"valueName":"search_term_string"}}],"inLanguage":"fr-FR"},{"@type":"Organization","@id":"https:\/\/xxl-webtechnology.com\/#organization","name":"Xxl Web Technology.com","url":"https:\/\/xxl-webtechnology.com\/","logo":{"@type":"ImageObject","inLanguage":"fr-FR","@id":"https:\/\/xxl-webtechnology.com\/#\/schema\/logo\/image\/","url":"https:\/\/xxl-webtechnology.com\/wp-content\/uploads\/2025\/06\/cropped-xxltechnofordesignpng-1.png","contentUrl":"https:\/\/xxl-webtechnology.com\/wp-content\/uploads\/2025\/06\/cropped-xxltechnofordesignpng-1.png","width":96,"height":96,"caption":"Xxl Web Technology.com"},"image":{"@id":"https:\/\/xxl-webtechnology.com\/#\/schema\/logo\/image\/"}}]}},"jetpack_sharing_enabled":true,"_links":{"self":[{"href":"https:\/\/xxl-webtechnology.com\/index.php?rest_route=\/wp\/v2\/pages\/24","targetHints":{"allow":["GET"]}}],"collection":[{"href":"https:\/\/xxl-webtechnology.com\/index.php?rest_route=\/wp\/v2\/pages"}],"about":[{"href":"https:\/\/xxl-webtechnology.com\/index.php?rest_route=\/wp\/v2\/types\/page"}],"author":[{"embeddable":true,"href":"https:\/\/xxl-webtechnology.com\/index.php?rest_route=\/wp\/v2\/users\/1"}],"replies":[{"embeddable":true,"href":"https:\/\/xxl-webtechnology.com\/index.php?rest_route=%2Fwp%2Fv2%2Fcomments&post=24"}],"version-history":[{"count":0,"href":"https:\/\/xxl-webtechnology.com\/index.php?rest_route=\/wp\/v2\/pages\/24\/revisions"}],"wp:attachment":[{"href":"https:\/\/xxl-webtechnology.com\/index.php?rest_route=%2Fwp%2Fv2%2Fmedia&parent=24"}],"curies":[{"name":"wp","href":"https:\/\/api.w.org\/{rel}","templated":true}]}}