{"id":20,"date":"2021-07-05T10:56:04","date_gmt":"2021-07-05T10:56:04","guid":{"rendered":"https:\/\/monizwp.pixydrops.com\/?page_id=20"},"modified":"2025-07-09T07:08:29","modified_gmt":"2025-07-09T05:08:29","slug":"team","status":"publish","type":"page","link":"https:\/\/xxl-webtechnology.com\/?page_id=20","title":{"rendered":"Team"},"content":{"rendered":"\t\t<div data-elementor-type=\"wp-page\" data-elementor-id=\"20\" class=\"elementor elementor-20\">\n\t\t\t\t\t\t<section class=\"elementor-section elementor-top-section elementor-element elementor-element-551bd02 elementor-section-full_width elementor-section-height-default elementor-section-height-default wpr-particle-no wpr-jarallax-no wpr-parallax-no wpr-sticky-section-no wpr-equal-height-no\" data-id=\"551bd02\" data-element_type=\"section\" data-e-type=\"section\">\n\t\t\t\t\t\t<div class=\"elementor-container elementor-column-gap-no\">\n\t\t\t\t\t<div class=\"elementor-column elementor-col-100 elementor-top-column elementor-element elementor-element-8caa749\" data-id=\"8caa749\" data-element_type=\"column\" data-e-type=\"column\">\n\t\t\t<div class=\"elementor-widget-wrap elementor-element-populated\">\n\t\t\t\t\t\t<div class=\"elementor-element elementor-element-5e1e7df elementor-widget elementor-widget-moniz-team\" data-id=\"5e1e7df\" data-element_type=\"widget\" data-e-type=\"widget\" data-widget_type=\"moniz-team.default\">\n\t\t\t\t<div class=\"elementor-widget-container\">\n\t\t\t\t\t\t<!--Team One Start-->\r\n\t<section class=\"team-one\">\r\n\t\t<div class=\"container\">\r\n\t\t\t<div class=\"row\">\r\n\t\t\t\t\r\n\t\t\t\t\t\t\t\t\t\t\t\t\t\t\t\t\t\t\t\t\t<div class=\"col-xl-4 col-lg-6 col-md-6\">\r\n\t\t\t\t\t\t\t<!--Team One Single-->\r\n\t\t\t\t\t\t\t<div class=\"team-one__single\">\r\n\t\t\t\t\t\t\t\t<div class=\"team-one__img-box\">\r\n\t\t\t\t\t\t\t\t\t<div class=\"team-one__img\">\r\n\t\t\t\t\t\t\t\t\t\t<img fetchpriority=\"high\" decoding=\"async\" width=\"370\" height=\"426\" src=\"https:\/\/xxl-webtechnology.com\/wp-content\/uploads\/2021\/07\/SdiAndoun-370x426.jpg\" class=\"attachment-moniz_370X426 size-moniz_370X426 wp-post-image\" alt=\"\" \/>\t\t\t\t\t\t\t\t\t<\/div>\r\n\t\t\t\t\t\t\t\t\t<div class=\"team-one__social\">\r\n\t\t\t\t\t\t\t\t\t\t\t\t\t\t\t\t\t\t\t\t\t\t\t\t\t\t\t\t\t\t\t\t\t\t\t\t\t\t\t\t\t\t\t<a href=\"#\"><span class=\"fab fa-twitter\"><\/span><\/a>\r\n\t\t\t\t\t\t\t\t\t\t\t\t\t\t\t\t\t\t\t\t\t\t\t<a href=\"#\"><span class=\"fab fa-facebook\"><\/span><\/a>\r\n\t\t\t\t\t\t\t\t\t\t\t\t\t\t\t\t\t\t\t\t\t\t\t<a href=\"#\"><span class=\"fab fa-linkedin-in\"><\/span><\/a>\r\n\t\t\t\t\t\t\t\t\t\t\t\t\t\t\t\t\t\t\t\t\t\t\t<a href=\"#\"><span class=\"fab fa-pinterest-p\"><\/span><\/a>\r\n\t\t\t\t\t\t\t\t\t\t\t\t\t\t\t\t\t\t\t\t\t\t\t\t\t\t\t\t\t\t<\/div>\r\n\t\t\t\t\t\t\t\t<\/div>\r\n\t\t\t\t\t\t\t\t<div class=\"team-one__member-info\">\r\n\t\t\t\t\t\t\t\t\t<h4 class=\"team-one__member-name\">Sedi Andoun<\/h4>\r\n\t\t\t\t\t\t\t\t\t<p class=\"team-one__member-title\">Manager<\/p>\r\n\t\t\t\t\t\t\t\t<\/div>\r\n\t\t\t\t\t\t\t<\/div>\r\n\t\t\t\t\t\t<\/div>\r\n\r\n\t\t\t\t\t\t\t\t\t\t\t\t\t\t\t\t\t<div class=\"col-xl-4 col-lg-6 col-md-6\">\r\n\t\t\t\t\t\t\t<!--Team One Single-->\r\n\t\t\t\t\t\t\t<div class=\"team-one__single\">\r\n\t\t\t\t\t\t\t\t<div class=\"team-one__img-box\">\r\n\t\t\t\t\t\t\t\t\t<div class=\"team-one__img\">\r\n\t\t\t\t\t\t\t\t\t\t<img decoding=\"async\" width=\"370\" height=\"426\" src=\"https:\/\/xxl-webtechnology.com\/wp-content\/uploads\/2021\/07\/pwd5-370x426.jpg\" class=\"attachment-moniz_370X426 size-moniz_370X426 wp-post-image\" alt=\"\" srcset=\"https:\/\/xxl-webtechnology.com\/wp-content\/uploads\/2021\/07\/pwd5-370x426.jpg 370w, https:\/\/xxl-webtechnology.com\/wp-content\/uploads\/2021\/07\/pwd5-260x300.jpg 260w, https:\/\/xxl-webtechnology.com\/wp-content\/uploads\/2021\/07\/pwd5-768x887.jpg 768w, https:\/\/xxl-webtechnology.com\/wp-content\/uploads\/2021\/07\/pwd5-1330x1536.jpg 1330w, https:\/\/xxl-webtechnology.com\/wp-content\/uploads\/2021\/07\/pwd5-570x658.jpg 570w, https:\/\/xxl-webtechnology.com\/wp-content\/uploads\/2021\/07\/pwd5-380x439.jpg 380w, https:\/\/xxl-webtechnology.com\/wp-content\/uploads\/2021\/07\/pwd5.jpg 1662w\" sizes=\"(max-width: 370px) 100vw, 370px\" \/>\t\t\t\t\t\t\t\t\t<\/div>\r\n\t\t\t\t\t\t\t\t\t<div class=\"team-one__social\">\r\n\t\t\t\t\t\t\t\t\t\t\t\t\t\t\t\t\t\t\t\t\t\t\t\t\t\t\t\t\t\t\t\t\t\t\t\t\t\t\t\t\t\t\t<a href=\"#\"><span class=\"fab fa-facebook-f\"><\/span><\/a>\r\n\t\t\t\t\t\t\t\t\t\t\t\t\t\t\t\t\t\t\t\t\t\t\t<a href=\"#\"><span class=\"fab fa-skype\"><\/span><\/a>\r\n\t\t\t\t\t\t\t\t\t\t\t\t\t\t\t\t\t\t\t\t\t\t\t<a href=\"#\"><span class=\"fab fa-linkedin-in\"><\/span><\/a>\r\n\t\t\t\t\t\t\t\t\t\t\t\t\t\t\t\t\t\t\t\t\t\t\t<a href=\"#\"><span class=\"fab fa-twitter\"><\/span><\/a>\r\n\t\t\t\t\t\t\t\t\t\t\t\t\t\t\t\t\t\t\t\t\t\t\t\t\t\t\t\t\t\t<\/div>\r\n\t\t\t\t\t\t\t\t<\/div>\r\n\t\t\t\t\t\t\t\t<div class=\"team-one__member-info\">\r\n\t\t\t\t\t\t\t\t\t<h4 class=\"team-one__member-name\">Mireille Adzie<\/h4>\r\n\t\t\t\t\t\t\t\t\t<p class=\"team-one__member-title\">Accounting<\/p>\r\n\t\t\t\t\t\t\t\t<\/div>\r\n\t\t\t\t\t\t\t<\/div>\r\n\t\t\t\t\t\t<\/div>\r\n\r\n\t\t\t\t\t\t\t\t\t\t\t\t\t\t\t\t\t<div class=\"col-xl-4 col-lg-6 col-md-6\">\r\n\t\t\t\t\t\t\t<!--Team One Single-->\r\n\t\t\t\t\t\t\t<div class=\"team-one__single\">\r\n\t\t\t\t\t\t\t\t<div class=\"team-one__img-box\">\r\n\t\t\t\t\t\t\t\t\t<div class=\"team-one__img\">\r\n\t\t\t\t\t\t\t\t\t\t<img decoding=\"async\" width=\"370\" height=\"426\" src=\"https:\/\/xxl-webtechnology.com\/wp-content\/uploads\/2021\/07\/LEONELPIC-370x426.jpg\" class=\"attachment-moniz_370X426 size-moniz_370X426 wp-post-image\" alt=\"\" \/>\t\t\t\t\t\t\t\t\t<\/div>\r\n\t\t\t\t\t\t\t\t\t<div class=\"team-one__social\">\r\n\t\t\t\t\t\t\t\t\t\t\t\t\t\t\t\t\t\t\t\t\t\t\t\t\t\t\t\t\t\t\t\t\t\t\t\t\t\t\t\t\t\t\t<a href=\"#\"><span class=\"fab fa-twitter\"><\/span><\/a>\r\n\t\t\t\t\t\t\t\t\t\t\t\t\t\t\t\t\t\t\t\t\t\t\t<a href=\"#\"><span class=\"fab fa-facebook\"><\/span><\/a>\r\n\t\t\t\t\t\t\t\t\t\t\t\t\t\t\t\t\t\t\t\t\t\t\t<a href=\"#\"><span class=\"fab fa-pinterest\"><\/span><\/a>\r\n\t\t\t\t\t\t\t\t\t\t\t\t\t\t\t\t\t\t\t\t\t\t\t<a href=\"#\"><span class=\"fab fa-instagram\"><\/span><\/a>\r\n\t\t\t\t\t\t\t\t\t\t\t\t\t\t\t\t\t\t\t\t\t\t\t\t\t\t\t\t\t\t<\/div>\r\n\t\t\t\t\t\t\t\t<\/div>\r\n\t\t\t\t\t\t\t\t<div class=\"team-one__member-info\">\r\n\t\t\t\t\t\t\t\t\t<h4 class=\"team-one__member-name\">LEONEL TATIEKAM<\/h4>\r\n\t\t\t\t\t\t\t\t\t<p class=\"team-one__member-title\">Software Engineer<\/p>\r\n\t\t\t\t\t\t\t\t<\/div>\r\n\t\t\t\t\t\t\t<\/div>\r\n\t\t\t\t\t\t<\/div>\r\n\r\n\t\t\t\t\t\t\t\t\t\t\t\t\t\t\t\t\t<div class=\"col-xl-4 col-lg-6 col-md-6\">\r\n\t\t\t\t\t\t\t<!--Team One Single-->\r\n\t\t\t\t\t\t\t<div class=\"team-one__single\">\r\n\t\t\t\t\t\t\t\t<div class=\"team-one__img-box\">\r\n\t\t\t\t\t\t\t\t\t<div class=\"team-one__img\">\r\n\t\t\t\t\t\t\t\t\t\t<img loading=\"lazy\" decoding=\"async\" width=\"370\" height=\"426\" src=\"https:\/\/xxl-webtechnology.com\/wp-content\/uploads\/2025\/07\/WhatsApp-Image-2025-07-08-a-13.50.07_5963b51b-370x426.jpg\" class=\"attachment-moniz_370X426 size-moniz_370X426 wp-post-image\" alt=\"\" \/>\t\t\t\t\t\t\t\t\t<\/div>\r\n\t\t\t\t\t\t\t\t\t<div class=\"team-one__social\">\r\n\t\t\t\t\t\t\t\t\t\t\t\t\t\t\t\t\t\t\t\t\t\t\t\t\t\t\t\t\t\t\t\t\t\t\t\t\t\t\t\t\t\t\t<a href=\"#\"><span class=\"fab fa-twitter\"><\/span><\/a>\r\n\t\t\t\t\t\t\t\t\t\t\t\t\t\t\t\t\t\t\t\t\t\t\t<a href=\"#\"><span class=\"fab fa-facebook\"><\/span><\/a>\r\n\t\t\t\t\t\t\t\t\t\t\t\t\t\t\t\t\t\t\t\t\t\t\t<a href=\"#\"><span class=\"fab fa-instagram\"><\/span><\/a>\r\n\t\t\t\t\t\t\t\t\t\t\t\t\t\t\t\t\t\t\t\t\t\t\t<a href=\"#\"><span class=\"fab fa-pinterest-p\"><\/span><\/a>\r\n\t\t\t\t\t\t\t\t\t\t\t\t\t\t\t\t\t\t\t\t\t\t\t\t\t\t\t\t\t\t<\/div>\r\n\t\t\t\t\t\t\t\t<\/div>\r\n\t\t\t\t\t\t\t\t<div class=\"team-one__member-info\">\r\n\t\t\t\t\t\t\t\t\t<h4 class=\"team-one__member-name\">Enzo<\/h4>\r\n\t\t\t\t\t\t\t\t\t<p class=\"team-one__member-title\">Developer<\/p>\r\n\t\t\t\t\t\t\t\t<\/div>\r\n\t\t\t\t\t\t\t<\/div>\r\n\t\t\t\t\t\t<\/div>\r\n\r\n\t\t\t\t\t\t\t\t\t\t\t\t\t\t\t\t\t<div class=\"col-xl-4 col-lg-6 col-md-6\">\r\n\t\t\t\t\t\t\t<!--Team One Single-->\r\n\t\t\t\t\t\t\t<div class=\"team-one__single\">\r\n\t\t\t\t\t\t\t\t<div class=\"team-one__img-box\">\r\n\t\t\t\t\t\t\t\t\t<div class=\"team-one__img\">\r\n\t\t\t\t\t\t\t\t\t\t<img loading=\"lazy\" decoding=\"async\" width=\"370\" height=\"426\" src=\"https:\/\/xxl-webtechnology.com\/wp-content\/uploads\/2025\/06\/ChatGPT-Image-27-juin-2025-10_38_07-1-370x426.png\" class=\"attachment-moniz_370X426 size-moniz_370X426 wp-post-image\" alt=\"\" \/>\t\t\t\t\t\t\t\t\t<\/div>\r\n\t\t\t\t\t\t\t\t\t<div class=\"team-one__social\">\r\n\t\t\t\t\t\t\t\t\t\t\t\t\t\t\t\t\t\t\t\t\t\t\t\t\t\t\t\t\t\t\t\t\t\t\t\t\t\t\t\t\t\t\t<a href=\"#\"><span class=\"fab fa-facebook-f\"><\/span><\/a>\r\n\t\t\t\t\t\t\t\t\t\t\t\t\t\t\t\t\t\t\t\t\t\t\t<a href=\"#\"><span class=\"fab fa-twitter\"><\/span><\/a>\r\n\t\t\t\t\t\t\t\t\t\t\t\t\t\t\t\t\t\t\t\t\t\t\t<a href=\"#\"><span class=\"fab fa-pinterest-p\"><\/span><\/a>\r\n\t\t\t\t\t\t\t\t\t\t\t\t\t\t\t\t\t\t\t\t\t\t\t<a href=\"#\"><span class=\"fab fa-instagram\"><\/span><\/a>\r\n\t\t\t\t\t\t\t\t\t\t\t\t\t\t\t\t\t\t\t\t\t\t\t\t\t\t\t\t\t\t<\/div>\r\n\t\t\t\t\t\t\t\t<\/div>\r\n\t\t\t\t\t\t\t\t<div class=\"team-one__member-info\">\r\n\t\t\t\t\t\t\t\t\t<h4 class=\"team-one__member-name\">Dominique Abad<\/h4>\r\n\t\t\t\t\t\t\t\t\t<p class=\"team-one__member-title\">CEO<\/p>\r\n\t\t\t\t\t\t\t\t<\/div>\r\n\t\t\t\t\t\t\t<\/div>\r\n\t\t\t\t\t\t<\/div>\r\n\r\n\t\t\t\t\t\t\t\t\t\t\t\t\t\t\t\t\t<div class=\"col-xl-4 col-lg-6 col-md-6\">\r\n\t\t\t\t\t\t\t<!--Team One Single-->\r\n\t\t\t\t\t\t\t<div class=\"team-one__single\">\r\n\t\t\t\t\t\t\t\t<div class=\"team-one__img-box\">\r\n\t\t\t\t\t\t\t\t\t<div class=\"team-one__img\">\r\n\t\t\t\t\t\t\t\t\t\t<img loading=\"lazy\" decoding=\"async\" width=\"370\" height=\"426\" src=\"https:\/\/xxl-webtechnology.com\/wp-content\/uploads\/2025\/07\/WhatsApp-Image-2025-07-08-a-13.57.26_54b0adac-370x426.jpg\" class=\"attachment-moniz_370X426 size-moniz_370X426 wp-post-image\" alt=\"\" \/>\t\t\t\t\t\t\t\t\t<\/div>\r\n\t\t\t\t\t\t\t\t\t<div class=\"team-one__social\">\r\n\t\t\t\t\t\t\t\t\t\t\t\t\t\t\t\t\t\t\t\t\t\t\t\t\t\t\t\t\t\t\t\t\t\t\t\t\t\t\t\t\t\t\t<a href=\"#\"><span class=\"fab fa-facebook-f\"><\/span><\/a>\r\n\t\t\t\t\t\t\t\t\t\t\t\t\t\t\t\t\t\t\t\t\t\t\t<a href=\"#\"><span class=\"fab fa-twitter\"><\/span><\/a>\r\n\t\t\t\t\t\t\t\t\t\t\t\t\t\t\t\t\t\t\t\t\t\t\t<a href=\"#\"><span class=\"fab fa-linkedin-in\"><\/span><\/a>\r\n\t\t\t\t\t\t\t\t\t\t\t\t\t\t\t\t\t\t\t\t\t\t\t<a href=\"#\"><span class=\"fab fa-pinterest-p\"><\/span><\/a>\r\n\t\t\t\t\t\t\t\t\t\t\t\t\t\t\t\t\t\t\t\t\t\t\t\t\t\t\t\t\t\t<\/div>\r\n\t\t\t\t\t\t\t\t<\/div>\r\n\t\t\t\t\t\t\t\t<div class=\"team-one__member-info\">\r\n\t\t\t\t\t\t\t\t\t<h4 class=\"team-one__member-name\">Celia<\/h4>\r\n\t\t\t\t\t\t\t\t\t<p class=\"team-one__member-title\">Community Manager<\/p>\r\n\t\t\t\t\t\t\t\t<\/div>\r\n\t\t\t\t\t\t\t<\/div>\r\n\t\t\t\t\t\t<\/div>\r\n\r\n\t\t\t\t\t\t\t\t\t\t\t\t\t\t\t\t\t<div class=\"col-xl-4 col-lg-6 col-md-6\">\r\n\t\t\t\t\t\t\t<!--Team One Single-->\r\n\t\t\t\t\t\t\t<div class=\"team-one__single\">\r\n\t\t\t\t\t\t\t\t<div class=\"team-one__img-box\">\r\n\t\t\t\t\t\t\t\t\t<div class=\"team-one__img\">\r\n\t\t\t\t\t\t\t\t\t\t<img loading=\"lazy\" decoding=\"async\" width=\"370\" height=\"426\" src=\"https:\/\/xxl-webtechnology.com\/wp-content\/uploads\/2025\/07\/WhatsApp-Image-2025-07-08-a-13.50.07_77e2ce22-370x426.jpg\" class=\"attachment-moniz_370X426 size-moniz_370X426 wp-post-image\" alt=\"\" \/>\t\t\t\t\t\t\t\t\t<\/div>\r\n\t\t\t\t\t\t\t\t\t<div class=\"team-one__social\">\r\n\t\t\t\t\t\t\t\t\t\t\t\t\t\t\t\t\t\t\t\t\t\t\t\t\t\t\t\t\t\t\t\t\t\t\t\t\t\t\t\t\t\t\t<a href=\"#\"><span class=\"fab fa-twitter\"><\/span><\/a>\r\n\t\t\t\t\t\t\t\t\t\t\t\t\t\t\t\t\t\t\t\t\t\t\t<a href=\"#\"><span class=\"fab fa-facebook\"><\/span><\/a>\r\n\t\t\t\t\t\t\t\t\t\t\t\t\t\t\t\t\t\t\t\t\t\t\t<a href=\"#\"><span class=\"fab fa-instagram\"><\/span><\/a>\r\n\t\t\t\t\t\t\t\t\t\t\t\t\t\t\t\t\t\t\t\t\t\t\t<a href=\"#\"><span class=\"fab fa-pinterest-p\"><\/span><\/a>\r\n\t\t\t\t\t\t\t\t\t\t\t\t\t\t\t\t\t\t\t\t\t\t\t\t\t\t\t\t\t\t<\/div>\r\n\t\t\t\t\t\t\t\t<\/div>\r\n\t\t\t\t\t\t\t\t<div class=\"team-one__member-info\">\r\n\t\t\t\t\t\t\t\t\t<h4 class=\"team-one__member-name\">Badr<\/h4>\r\n\t\t\t\t\t\t\t\t\t<p class=\"team-one__member-title\">Developer<\/p>\r\n\t\t\t\t\t\t\t\t<\/div>\r\n\t\t\t\t\t\t\t<\/div>\r\n\t\t\t\t\t\t<\/div>\r\n\r\n\t\t\t\t\t\t\t\t\t\t\t\t\t\t\t\t<\/div>\r\n\t\t<\/div>\r\n\t<\/section>\r\n\t<!--Team One End-->\r\n\r\n\r\n\t\t\t\t<\/div>\n\t\t\t\t<\/div>\n\t\t\t\t\t<\/div>\n\t\t<\/div>\n\t\t\t\t\t<\/div>\n\t\t<\/section>\n\t\t\t\t<\/div>\n\t\t","protected":false},"excerpt":{"rendered":"<p>Sedi Andoun Manager Mireille Adzie Accounting LEONEL TATIEKAM Software Engineer Enzo Developer Dominique Abad CEO Celia Community Manager Badr<\/p>\n","protected":false},"author":1,"featured_media":0,"parent":0,"menu_order":0,"comment_status":"closed","ping_status":"closed","template":"elementor_header_footer","meta":{"_monsterinsights_skip_tracking":false,"_monsterinsights_sitenote_active":false,"_monsterinsights_sitenote_note":"","_monsterinsights_sitenote_category":0,"footnotes":""},"class_list":["post-20","page","type-page","status-publish","hentry"],"yoast_head":"<!-- This site is optimized with the Yoast SEO Premium plugin v25.8 (Yoast SEO v27.5) - https:\/\/yoast.com\/product\/yoast-seo-premium-wordpress\/ -->\n<title>Team - Xxl Web Technology.com<\/title>\n<meta name=\"robots\" content=\"index, follow, max-snippet:-1, max-image-preview:large, max-video-preview:-1\" \/>\n<link rel=\"canonical\" href=\"https:\/\/xxl-webtechnology.com\/?page_id=20\" \/>\n<meta property=\"og:locale\" content=\"fr_FR\" \/>\n<meta property=\"og:type\" content=\"article\" \/>\n<meta property=\"og:title\" content=\"Team\" \/>\n<meta property=\"og:description\" content=\"Sedi Andoun Manager Mireille Adzie Accounting LEONEL TATIEKAM Software Engineer Enzo Developer Dominique Abad CEO Celia Community Manager Badr\" \/>\n<meta property=\"og:url\" content=\"https:\/\/xxl-webtechnology.com\/?page_id=20\" \/>\n<meta property=\"og:site_name\" content=\"Xxl Web Technology.com\" \/>\n<meta property=\"article:modified_time\" content=\"2025-07-09T05:08:29+00:00\" \/>\n<meta property=\"og:image\" content=\"https:\/\/xxl-webtechnology.com\/wp-content\/uploads\/2021\/07\/SdiAndoun-370x426.jpg\" \/>\n<meta name=\"twitter:card\" content=\"summary_large_image\" \/>\n<meta name=\"twitter:label1\" content=\"Dur\u00e9e de lecture estim\u00e9e\" \/>\n\t<meta name=\"twitter:data1\" content=\"2 minutes\" \/>\n<script type=\"application\/ld+json\" class=\"yoast-schema-graph\">{\"@context\":\"https:\\\/\\\/schema.org\",\"@graph\":[{\"@type\":\"WebPage\",\"@id\":\"https:\\\/\\\/xxl-webtechnology.com\\\/?page_id=20\",\"url\":\"https:\\\/\\\/xxl-webtechnology.com\\\/?page_id=20\",\"name\":\"Team - Xxl Web Technology.com\",\"isPartOf\":{\"@id\":\"https:\\\/\\\/xxl-webtechnology.com\\\/#website\"},\"primaryImageOfPage\":{\"@id\":\"https:\\\/\\\/xxl-webtechnology.com\\\/?page_id=20#primaryimage\"},\"image\":{\"@id\":\"https:\\\/\\\/xxl-webtechnology.com\\\/?page_id=20#primaryimage\"},\"thumbnailUrl\":\"https:\\\/\\\/xxl-webtechnology.com\\\/wp-content\\\/uploads\\\/2021\\\/07\\\/SdiAndoun-370x426.jpg\",\"datePublished\":\"2021-07-05T10:56:04+00:00\",\"dateModified\":\"2025-07-09T05:08:29+00:00\",\"breadcrumb\":{\"@id\":\"https:\\\/\\\/xxl-webtechnology.com\\\/?page_id=20#breadcrumb\"},\"inLanguage\":\"fr-FR\",\"potentialAction\":[{\"@type\":\"ReadAction\",\"target\":[\"https:\\\/\\\/xxl-webtechnology.com\\\/?page_id=20\"]}]},{\"@type\":\"ImageObject\",\"inLanguage\":\"fr-FR\",\"@id\":\"https:\\\/\\\/xxl-webtechnology.com\\\/?page_id=20#primaryimage\",\"url\":\"https:\\\/\\\/xxl-webtechnology.com\\\/wp-content\\\/uploads\\\/2021\\\/07\\\/SdiAndoun.jpg\",\"contentUrl\":\"https:\\\/\\\/xxl-webtechnology.com\\\/wp-content\\\/uploads\\\/2021\\\/07\\\/SdiAndoun.jpg\",\"width\":970,\"height\":976},{\"@type\":\"BreadcrumbList\",\"@id\":\"https:\\\/\\\/xxl-webtechnology.com\\\/?page_id=20#breadcrumb\",\"itemListElement\":[{\"@type\":\"ListItem\",\"position\":1,\"name\":\"Accueil\",\"item\":\"https:\\\/\\\/xxl-webtechnology.com\\\/\"},{\"@type\":\"ListItem\",\"position\":2,\"name\":\"Team\"}]},{\"@type\":\"WebSite\",\"@id\":\"https:\\\/\\\/xxl-webtechnology.com\\\/#website\",\"url\":\"https:\\\/\\\/xxl-webtechnology.com\\\/\",\"name\":\"XXL Web Technology \u2013 Cr\u00e9ation de sites, logiciels et strat\u00e9gie digitale\",\"description\":\"Agence digitale experte en logiciels sur mesure, SEO et solutions web \u00e0 forte valeur ajout\u00e9e\",\"publisher\":{\"@id\":\"https:\\\/\\\/xxl-webtechnology.com\\\/#organization\"},\"alternateName\":\"XXL Web\",\"potentialAction\":[{\"@type\":\"SearchAction\",\"target\":{\"@type\":\"EntryPoint\",\"urlTemplate\":\"https:\\\/\\\/xxl-webtechnology.com\\\/?s={search_term_string}\"},\"query-input\":{\"@type\":\"PropertyValueSpecification\",\"valueRequired\":true,\"valueName\":\"search_term_string\"}}],\"inLanguage\":\"fr-FR\"},{\"@type\":\"Organization\",\"@id\":\"https:\\\/\\\/xxl-webtechnology.com\\\/#organization\",\"name\":\"Xxl Web Technology.com\",\"url\":\"https:\\\/\\\/xxl-webtechnology.com\\\/\",\"logo\":{\"@type\":\"ImageObject\",\"inLanguage\":\"fr-FR\",\"@id\":\"https:\\\/\\\/xxl-webtechnology.com\\\/#\\\/schema\\\/logo\\\/image\\\/\",\"url\":\"https:\\\/\\\/xxl-webtechnology.com\\\/wp-content\\\/uploads\\\/2025\\\/06\\\/cropped-xxltechnofordesignpng-1.png\",\"contentUrl\":\"https:\\\/\\\/xxl-webtechnology.com\\\/wp-content\\\/uploads\\\/2025\\\/06\\\/cropped-xxltechnofordesignpng-1.png\",\"width\":96,\"height\":96,\"caption\":\"Xxl Web Technology.com\"},\"image\":{\"@id\":\"https:\\\/\\\/xxl-webtechnology.com\\\/#\\\/schema\\\/logo\\\/image\\\/\"}}]}<\/script>\n<!-- \/ Yoast SEO Premium plugin. -->","yoast_head_json":{"title":"Team - Xxl Web Technology.com","robots":{"index":"index","follow":"follow","max-snippet":"max-snippet:-1","max-image-preview":"max-image-preview:large","max-video-preview":"max-video-preview:-1"},"canonical":"https:\/\/xxl-webtechnology.com\/?page_id=20","og_locale":"fr_FR","og_type":"article","og_title":"Team","og_description":"Sedi Andoun Manager Mireille Adzie Accounting LEONEL TATIEKAM Software Engineer Enzo Developer Dominique Abad CEO Celia Community Manager Badr","og_url":"https:\/\/xxl-webtechnology.com\/?page_id=20","og_site_name":"Xxl Web Technology.com","article_modified_time":"2025-07-09T05:08:29+00:00","og_image":[{"url":"https:\/\/xxl-webtechnology.com\/wp-content\/uploads\/2021\/07\/SdiAndoun-370x426.jpg","type":"","width":"","height":""}],"twitter_card":"summary_large_image","twitter_misc":{"Dur\u00e9e de lecture estim\u00e9e":"2 minutes"},"schema":{"@context":"https:\/\/schema.org","@graph":[{"@type":"WebPage","@id":"https:\/\/xxl-webtechnology.com\/?page_id=20","url":"https:\/\/xxl-webtechnology.com\/?page_id=20","name":"Team - Xxl Web Technology.com","isPartOf":{"@id":"https:\/\/xxl-webtechnology.com\/#website"},"primaryImageOfPage":{"@id":"https:\/\/xxl-webtechnology.com\/?page_id=20#primaryimage"},"image":{"@id":"https:\/\/xxl-webtechnology.com\/?page_id=20#primaryimage"},"thumbnailUrl":"https:\/\/xxl-webtechnology.com\/wp-content\/uploads\/2021\/07\/SdiAndoun-370x426.jpg","datePublished":"2021-07-05T10:56:04+00:00","dateModified":"2025-07-09T05:08:29+00:00","breadcrumb":{"@id":"https:\/\/xxl-webtechnology.com\/?page_id=20#breadcrumb"},"inLanguage":"fr-FR","potentialAction":[{"@type":"ReadAction","target":["https:\/\/xxl-webtechnology.com\/?page_id=20"]}]},{"@type":"ImageObject","inLanguage":"fr-FR","@id":"https:\/\/xxl-webtechnology.com\/?page_id=20#primaryimage","url":"https:\/\/xxl-webtechnology.com\/wp-content\/uploads\/2021\/07\/SdiAndoun.jpg","contentUrl":"https:\/\/xxl-webtechnology.com\/wp-content\/uploads\/2021\/07\/SdiAndoun.jpg","width":970,"height":976},{"@type":"BreadcrumbList","@id":"https:\/\/xxl-webtechnology.com\/?page_id=20#breadcrumb","itemListElement":[{"@type":"ListItem","position":1,"name":"Accueil","item":"https:\/\/xxl-webtechnology.com\/"},{"@type":"ListItem","position":2,"name":"Team"}]},{"@type":"WebSite","@id":"https:\/\/xxl-webtechnology.com\/#website","url":"https:\/\/xxl-webtechnology.com\/","name":"XXL Web Technology \u2013 Cr\u00e9ation de sites, logiciels et strat\u00e9gie digitale","description":"Agence digitale experte en logiciels sur mesure, SEO et solutions web \u00e0 forte valeur ajout\u00e9e","publisher":{"@id":"https:\/\/xxl-webtechnology.com\/#organization"},"alternateName":"XXL Web","potentialAction":[{"@type":"SearchAction","target":{"@type":"EntryPoint","urlTemplate":"https:\/\/xxl-webtechnology.com\/?s={search_term_string}"},"query-input":{"@type":"PropertyValueSpecification","valueRequired":true,"valueName":"search_term_string"}}],"inLanguage":"fr-FR"},{"@type":"Organization","@id":"https:\/\/xxl-webtechnology.com\/#organization","name":"Xxl Web Technology.com","url":"https:\/\/xxl-webtechnology.com\/","logo":{"@type":"ImageObject","inLanguage":"fr-FR","@id":"https:\/\/xxl-webtechnology.com\/#\/schema\/logo\/image\/","url":"https:\/\/xxl-webtechnology.com\/wp-content\/uploads\/2025\/06\/cropped-xxltechnofordesignpng-1.png","contentUrl":"https:\/\/xxl-webtechnology.com\/wp-content\/uploads\/2025\/06\/cropped-xxltechnofordesignpng-1.png","width":96,"height":96,"caption":"Xxl Web Technology.com"},"image":{"@id":"https:\/\/xxl-webtechnology.com\/#\/schema\/logo\/image\/"}}]}},"jetpack_sharing_enabled":true,"_links":{"self":[{"href":"https:\/\/xxl-webtechnology.com\/index.php?rest_route=\/wp\/v2\/pages\/20","targetHints":{"allow":["GET"]}}],"collection":[{"href":"https:\/\/xxl-webtechnology.com\/index.php?rest_route=\/wp\/v2\/pages"}],"about":[{"href":"https:\/\/xxl-webtechnology.com\/index.php?rest_route=\/wp\/v2\/types\/page"}],"author":[{"embeddable":true,"href":"https:\/\/xxl-webtechnology.com\/index.php?rest_route=\/wp\/v2\/users\/1"}],"replies":[{"embeddable":true,"href":"https:\/\/xxl-webtechnology.com\/index.php?rest_route=%2Fwp%2Fv2%2Fcomments&post=20"}],"version-history":[{"count":7,"href":"https:\/\/xxl-webtechnology.com\/index.php?rest_route=\/wp\/v2\/pages\/20\/revisions"}],"predecessor-version":[{"id":1271,"href":"https:\/\/xxl-webtechnology.com\/index.php?rest_route=\/wp\/v2\/pages\/20\/revisions\/1271"}],"wp:attachment":[{"href":"https:\/\/xxl-webtechnology.com\/index.php?rest_route=%2Fwp%2Fv2%2Fmedia&parent=20"}],"curies":[{"name":"wp","href":"https:\/\/api.w.org\/{rel}","templated":true}]}}