{"id":12,"date":"2025-06-07T21:30:11","date_gmt":"2025-06-07T19:30:11","guid":{"rendered":"https:\/\/xxl-webtechnology.com\/?page_id=12"},"modified":"2025-06-07T21:30:11","modified_gmt":"2025-06-07T19:30:11","slug":"mon-compte","status":"publish","type":"page","link":"https:\/\/xxl-webtechnology.com\/?page_id=12","title":{"rendered":"Mon compte"},"content":{"rendered":"<div class=\"woocommerce\">\r\n<div class=\"moniz-error-notice text-center\"><div class=\"woocommerce-notices-wrapper\"><\/div><\/div>\r\n\r\n<div class=\"moniz-login-page \">\r\n\t<div>\r\n\t\t\t\t<h2>Login<\/h2>\r\n\r\n\t\t\t\t<form class=\"woocommerce-form woocommerce-form-login login\" method=\"post\">\r\n\r\n\t\t\t\t\t\r\n\t\t\t\t\t<p class=\"woocommerce-form-row woocommerce-form-row--wide form-row form-row-wide\">\r\n\t\t\t\t\t\t<label for=\"username\">Username or email address\u00a0<span class=\"required\">*<\/span><\/label>\r\n\t\t\t\t\t\t<input type=\"text\" class=\"woocommerce-Input woocommerce-Input--text input-text\" name=\"username\" id=\"username\" autocomplete=\"username\" value=\"\" \/>\t\t\t\t\t<\/p>\r\n\t\t\t\t\t<p class=\"woocommerce-form-row woocommerce-form-row--wide form-row form-row-wide\">\r\n\t\t\t\t\t\t<label for=\"password\">Password\u00a0<span class=\"required\">*<\/span><\/label>\r\n\t\t\t\t\t\t<input class=\"woocommerce-Input woocommerce-Input--text input-text\" type=\"password\" name=\"password\" id=\"password\" autocomplete=\"current-password\" \/>\r\n\t\t\t\t\t<\/p>\r\n\r\n\t\t\t\t\t\r\n\t\t\t\t\t<p class=\"form-row\">\r\n\t\t\t\t\t\t<label class=\"woocommerce-form__label woocommerce-form__label-for-checkbox woocommerce-form-login__rememberme\">\r\n\t\t\t\t\t\t\t<input class=\"woocommerce-form__input woocommerce-form__input-checkbox\" name=\"rememberme\" type=\"checkbox\" id=\"rememberme\" value=\"forever\" \/> <span>Remember me<\/span>\r\n\t\t\t\t\t\t<\/label>\r\n\t\t\t\t\t\t<input type=\"hidden\" id=\"woocommerce-login-nonce\" name=\"woocommerce-login-nonce\" value=\"959e0c1668\" \/><input type=\"hidden\" name=\"_wp_http_referer\" value=\"\/index.php?rest_route=%2Fwp%2Fv2%2Fpages%2F12\" \/>\t\t\t\t\t\t<button type=\"submit\" class=\"woocommerce-button button woocommerce-form-login__submit thm-btn\" name=\"login\" value=\"Log in\">Log in<\/button>\r\n\t\t\t\t\t<\/p>\r\n\t\t\t\t\t<p class=\"woocommerce-LostPassword lost_password\">\r\n\t\t\t\t\t\t<a href=\"https:\/\/xxl-webtechnology.com\/?page_id=12&lost-password\">Lost your password?<\/a>\r\n\t\t\t\t\t<\/p>\r\n\r\n\t\t\t\t\t\r\n\t\t\t\t<\/form>\r\n\t\t<\/div>\r\n\t\t<div>\r\n\t\t\t<\/div>\r\n<\/div>\r\n<\/div>\n","protected":false},"excerpt":{"rendered":"","protected":false},"author":1,"featured_media":0,"parent":0,"menu_order":0,"comment_status":"closed","ping_status":"closed","template":"","meta":{"_monsterinsights_skip_tracking":false,"_monsterinsights_sitenote_active":false,"_monsterinsights_sitenote_note":"","_monsterinsights_sitenote_category":0,"footnotes":""},"class_list":["post-12","page","type-page","status-publish","hentry"],"yoast_head":"<!-- This site is optimized with the Yoast SEO Premium plugin v25.8 (Yoast SEO v27.5) - https:\/\/yoast.com\/product\/yoast-seo-premium-wordpress\/ -->\n<title>Mon compte - Xxl Web Technology.com<\/title>\n<meta name=\"robots\" content=\"index, follow, max-snippet:-1, max-image-preview:large, max-video-preview:-1\" \/>\n<link rel=\"canonical\" href=\"https:\/\/xxl-webtechnology.com\/?page_id=12\" \/>\n<meta property=\"og:locale\" content=\"fr_FR\" \/>\n<meta property=\"og:type\" content=\"article\" \/>\n<meta property=\"og:title\" content=\"Mon compte\" \/>\n<meta property=\"og:url\" content=\"https:\/\/xxl-webtechnology.com\/?page_id=12\" \/>\n<meta property=\"og:site_name\" content=\"Xxl Web Technology.com\" \/>\n<meta name=\"twitter:card\" content=\"summary_large_image\" \/>\n<script type=\"application\/ld+json\" class=\"yoast-schema-graph\">{\"@context\":\"https:\\\/\\\/schema.org\",\"@graph\":[{\"@type\":\"WebPage\",\"@id\":\"https:\\\/\\\/xxl-webtechnology.com\\\/?page_id=12\",\"url\":\"https:\\\/\\\/xxl-webtechnology.com\\\/?page_id=12\",\"name\":\"Mon compte - Xxl Web Technology.com\",\"isPartOf\":{\"@id\":\"https:\\\/\\\/xxl-webtechnology.com\\\/#website\"},\"datePublished\":\"2025-06-07T19:30:11+00:00\",\"breadcrumb\":{\"@id\":\"https:\\\/\\\/xxl-webtechnology.com\\\/?page_id=12#breadcrumb\"},\"inLanguage\":\"fr-FR\",\"potentialAction\":[{\"@type\":\"ReadAction\",\"target\":[\"https:\\\/\\\/xxl-webtechnology.com\\\/?page_id=12\"]}]},{\"@type\":\"BreadcrumbList\",\"@id\":\"https:\\\/\\\/xxl-webtechnology.com\\\/?page_id=12#breadcrumb\",\"itemListElement\":[{\"@type\":\"ListItem\",\"position\":1,\"name\":\"Accueil\",\"item\":\"https:\\\/\\\/xxl-webtechnology.com\\\/\"},{\"@type\":\"ListItem\",\"position\":2,\"name\":\"Mon compte\"}]},{\"@type\":\"WebSite\",\"@id\":\"https:\\\/\\\/xxl-webtechnology.com\\\/#website\",\"url\":\"https:\\\/\\\/xxl-webtechnology.com\\\/\",\"name\":\"XXL Web Technology \u2013 Cr\u00e9ation de sites, logiciels et strat\u00e9gie digitale\",\"description\":\"Agence digitale experte en logiciels sur mesure, SEO et solutions web \u00e0 forte valeur ajout\u00e9e\",\"publisher\":{\"@id\":\"https:\\\/\\\/xxl-webtechnology.com\\\/#organization\"},\"alternateName\":\"XXL Web\",\"potentialAction\":[{\"@type\":\"SearchAction\",\"target\":{\"@type\":\"EntryPoint\",\"urlTemplate\":\"https:\\\/\\\/xxl-webtechnology.com\\\/?s={search_term_string}\"},\"query-input\":{\"@type\":\"PropertyValueSpecification\",\"valueRequired\":true,\"valueName\":\"search_term_string\"}}],\"inLanguage\":\"fr-FR\"},{\"@type\":\"Organization\",\"@id\":\"https:\\\/\\\/xxl-webtechnology.com\\\/#organization\",\"name\":\"Xxl Web Technology.com\",\"url\":\"https:\\\/\\\/xxl-webtechnology.com\\\/\",\"logo\":{\"@type\":\"ImageObject\",\"inLanguage\":\"fr-FR\",\"@id\":\"https:\\\/\\\/xxl-webtechnology.com\\\/#\\\/schema\\\/logo\\\/image\\\/\",\"url\":\"https:\\\/\\\/xxl-webtechnology.com\\\/wp-content\\\/uploads\\\/2025\\\/06\\\/cropped-xxltechnofordesignpng-1.png\",\"contentUrl\":\"https:\\\/\\\/xxl-webtechnology.com\\\/wp-content\\\/uploads\\\/2025\\\/06\\\/cropped-xxltechnofordesignpng-1.png\",\"width\":96,\"height\":96,\"caption\":\"Xxl Web Technology.com\"},\"image\":{\"@id\":\"https:\\\/\\\/xxl-webtechnology.com\\\/#\\\/schema\\\/logo\\\/image\\\/\"}}]}<\/script>\n<!-- \/ Yoast SEO Premium plugin. -->","yoast_head_json":{"title":"Mon compte - Xxl Web Technology.com","robots":{"index":"index","follow":"follow","max-snippet":"max-snippet:-1","max-image-preview":"max-image-preview:large","max-video-preview":"max-video-preview:-1"},"canonical":"https:\/\/xxl-webtechnology.com\/?page_id=12","og_locale":"fr_FR","og_type":"article","og_title":"Mon compte","og_url":"https:\/\/xxl-webtechnology.com\/?page_id=12","og_site_name":"Xxl Web Technology.com","twitter_card":"summary_large_image","schema":{"@context":"https:\/\/schema.org","@graph":[{"@type":"WebPage","@id":"https:\/\/xxl-webtechnology.com\/?page_id=12","url":"https:\/\/xxl-webtechnology.com\/?page_id=12","name":"Mon compte - Xxl Web Technology.com","isPartOf":{"@id":"https:\/\/xxl-webtechnology.com\/#website"},"datePublished":"2025-06-07T19:30:11+00:00","breadcrumb":{"@id":"https:\/\/xxl-webtechnology.com\/?page_id=12#breadcrumb"},"inLanguage":"fr-FR","potentialAction":[{"@type":"ReadAction","target":["https:\/\/xxl-webtechnology.com\/?page_id=12"]}]},{"@type":"BreadcrumbList","@id":"https:\/\/xxl-webtechnology.com\/?page_id=12#breadcrumb","itemListElement":[{"@type":"ListItem","position":1,"name":"Accueil","item":"https:\/\/xxl-webtechnology.com\/"},{"@type":"ListItem","position":2,"name":"Mon compte"}]},{"@type":"WebSite","@id":"https:\/\/xxl-webtechnology.com\/#website","url":"https:\/\/xxl-webtechnology.com\/","name":"XXL Web Technology \u2013 Cr\u00e9ation de sites, logiciels et strat\u00e9gie digitale","description":"Agence digitale experte en logiciels sur mesure, SEO et solutions web \u00e0 forte valeur ajout\u00e9e","publisher":{"@id":"https:\/\/xxl-webtechnology.com\/#organization"},"alternateName":"XXL Web","potentialAction":[{"@type":"SearchAction","target":{"@type":"EntryPoint","urlTemplate":"https:\/\/xxl-webtechnology.com\/?s={search_term_string}"},"query-input":{"@type":"PropertyValueSpecification","valueRequired":true,"valueName":"search_term_string"}}],"inLanguage":"fr-FR"},{"@type":"Organization","@id":"https:\/\/xxl-webtechnology.com\/#organization","name":"Xxl Web Technology.com","url":"https:\/\/xxl-webtechnology.com\/","logo":{"@type":"ImageObject","inLanguage":"fr-FR","@id":"https:\/\/xxl-webtechnology.com\/#\/schema\/logo\/image\/","url":"https:\/\/xxl-webtechnology.com\/wp-content\/uploads\/2025\/06\/cropped-xxltechnofordesignpng-1.png","contentUrl":"https:\/\/xxl-webtechnology.com\/wp-content\/uploads\/2025\/06\/cropped-xxltechnofordesignpng-1.png","width":96,"height":96,"caption":"Xxl Web Technology.com"},"image":{"@id":"https:\/\/xxl-webtechnology.com\/#\/schema\/logo\/image\/"}}]}},"jetpack_sharing_enabled":true,"_links":{"self":[{"href":"https:\/\/xxl-webtechnology.com\/index.php?rest_route=\/wp\/v2\/pages\/12","targetHints":{"allow":["GET"]}}],"collection":[{"href":"https:\/\/xxl-webtechnology.com\/index.php?rest_route=\/wp\/v2\/pages"}],"about":[{"href":"https:\/\/xxl-webtechnology.com\/index.php?rest_route=\/wp\/v2\/types\/page"}],"author":[{"embeddable":true,"href":"https:\/\/xxl-webtechnology.com\/index.php?rest_route=\/wp\/v2\/users\/1"}],"replies":[{"embeddable":true,"href":"https:\/\/xxl-webtechnology.com\/index.php?rest_route=%2Fwp%2Fv2%2Fcomments&post=12"}],"version-history":[{"count":0,"href":"https:\/\/xxl-webtechnology.com\/index.php?rest_route=\/wp\/v2\/pages\/12\/revisions"}],"wp:attachment":[{"href":"https:\/\/xxl-webtechnology.com\/index.php?rest_route=%2Fwp%2Fv2%2Fmedia&parent=12"}],"curies":[{"name":"wp","href":"https:\/\/api.w.org\/{rel}","templated":true}]}}